{"id":31,"date":"2021-03-16T22:15:38","date_gmt":"2021-03-16T21:15:38","guid":{"rendered":"http:\/\/liceumlaszczow.eu\/?page_id=31"},"modified":"2021-12-20T10:51:27","modified_gmt":"2021-12-20T09:51:27","slug":"gazetka","status":"publish","type":"page","link":"https:\/\/liceumlaszczow.eu\/index.php\/gazetka\/","title":{"rendered":"Gazetka"},"content":{"rendered":"\t\t<div data-elementor-type=\"wp-page\" data-elementor-id=\"31\" class=\"elementor elementor-31\">\n\t\t\t\t\t\t<section class=\"elementor-section elementor-top-section elementor-element elementor-element-2ec87208 elementor-section-content-middle elementor-section-boxed elementor-section-height-default elementor-section-height-default\" data-id=\"2ec87208\" data-element_type=\"section\" data-e-type=\"section\" data-settings=\"{&quot;background_background&quot;:&quot;classic&quot;}\">\n\t\t\t\t\t\t\t<div class=\"elementor-background-overlay\"><\/div>\n\t\t\t\t\t\t\t<div class=\"elementor-container elementor-column-gap-wider\">\n\t\t\t\t\t<div class=\"elementor-column elementor-col-50 elementor-top-column elementor-element elementor-element-124584ed elementor-invisible\" data-id=\"124584ed\" data-element_type=\"column\" data-e-type=\"column\" data-settings=\"{&quot;background_background&quot;:&quot;classic&quot;,&quot;animation&quot;:&quot;fadeIn&quot;,&quot;animation_delay&quot;:100}\">\n\t\t\t<div class=\"elementor-widget-wrap elementor-element-populated\">\n\t\t\t\t\t\t<div class=\"elementor-element elementor-element-6bd83023 elementor-widget elementor-widget-heading\" data-id=\"6bd83023\" data-element_type=\"widget\" data-e-type=\"widget\" data-widget_type=\"heading.default\">\n\t\t\t\t<div class=\"elementor-widget-container\">\n\t\t\t\t\t<h2 class=\"elementor-heading-title elementor-size-default\">Sk\u0142ad zespo\u0142u redakcyjnego:<\/h2>\t\t\t\t<\/div>\n\t\t\t\t<\/div>\n\t\t\t\t<section class=\"elementor-section elementor-inner-section elementor-element elementor-element-4086b0a1 elementor-section-boxed elementor-section-height-default elementor-section-height-default\" data-id=\"4086b0a1\" data-element_type=\"section\" data-e-type=\"section\">\n\t\t\t\t\t\t<div class=\"elementor-container elementor-column-gap-no\">\n\t\t\t\t\t<div class=\"elementor-column elementor-col-100 elementor-inner-column elementor-element elementor-element-5a455202\" data-id=\"5a455202\" data-element_type=\"column\" data-e-type=\"column\">\n\t\t\t<div class=\"elementor-widget-wrap elementor-element-populated\">\n\t\t\t\t\t\t<div class=\"elementor-element elementor-element-73b316ff elementor-widget elementor-widget-heading\" data-id=\"73b316ff\" data-element_type=\"widget\" data-e-type=\"widget\" data-widget_type=\"heading.default\">\n\t\t\t\t<div class=\"elementor-widget-container\">\n\t\t\t\t\t<h3 class=\"elementor-heading-title elementor-size-default\">Kamila Wilczak<br>\nKatarzyna Greszata<br>\nKlaudia Koper<br><br>\nOpiekun zespo\u0142u: Iwona Zielonka\n<br><br>Termin spotkania zespo\u0142u<br>\nczwartek godz. 8.00 \u2013 8.45<\/h3>\t\t\t\t<\/div>\n\t\t\t\t<\/div>\n\t\t\t\t<div class=\"elementor-element elementor-element-880b8c4 elementor-widget elementor-widget-spacer\" data-id=\"880b8c4\" data-element_type=\"widget\" data-e-type=\"widget\" data-widget_type=\"spacer.default\">\n\t\t\t\t<div class=\"elementor-widget-container\">\n\t\t\t\t\t\t\t<div class=\"elementor-spacer\">\n\t\t\t<div class=\"elementor-spacer-inner\"><\/div>\n\t\t<\/div>\n\t\t\t\t\t\t<\/div>\n\t\t\t\t<\/div>\n\t\t\t\t<div class=\"elementor-element elementor-element-4998e7fc elementor-widget elementor-widget-text-editor\" data-id=\"4998e7fc\" data-element_type=\"widget\" data-e-type=\"widget\" data-widget_type=\"text-editor.default\">\n\t\t\t\t<div class=\"elementor-widget-container\">\n\t\t\t\t\t\t\t\t\t<p lang=\"pl-PL\"><span style=\"color: #000000;\"><span style=\"font-family: Liberation Serif, Times New Roman, serif;\"><span style=\"font-size: medium;\"><span style=\"font-family: Times New Roman, serif;\">Szko\u0142a przyjazna uczniowi to taka szko\u0142a, kt\u00f3ra daje swoim podopiecznym mo\u017cliwo\u015b\u0107 rozwoju zainteresowa\u0144, talent\u00f3w, zapewnia zaspokojenie potrzeby uznania, aprobaty, stwarza przyjazny klimat i daje poczucie wi\u0119zi z innymi. Jednym ze sposob\u00f3w budowania wsp\u00f3lnoty szkolnej opartej na wzajemnym porozumieniu ucznia, nauczyciela i rodzic\u00f3w jest gazetka szkolna.<\/span><\/span><\/span><\/span><\/p><p lang=\"pl-PL\"><span style=\"color: #000000;\"><span style=\"font-family: Liberation Serif, Times New Roman, serif;\"><span style=\"font-size: medium;\"><span style=\"font-family: Times New Roman, serif;\">W zwi\u0105zku z powy\u017cszym w roku szkolnym 2019\/2020 zosta\u0142 powo\u0142any zesp\u00f3\u0142 redakcyjny pod nazw\u0105 \u201eSTAROWIEYSKI\u201d. Pomys\u0142odawc\u0105 utworzenia gazetki szkolnej by\u0142a pani Iwona Michniak, natomiast obecnym opiekunem zespo\u0142u jest pani Iwona Zielonka. Gazetka jest wydawana jako dwumiesi\u0119cznik i jest w pe\u0142ni redagowana przez uczni\u00f3w, p<\/span><span style=\"font-family: Times New Roman, serif;\">r<\/span><span style=\"font-family: Times New Roman, serif;\">zy wspa<\/span><span style=\"font-family: Times New Roman, serif;\">r<\/span><span style=\"font-family: Times New Roman, serif;\">ciu nauczycieli. Ka\u017cdy kolejny numer pisma jest pomys\u0142em uczni\u00f3w, wsp\u00f3lnie opracowywany jest sk\u0142ad i szata graficzna pisma, natomiast korekt\u0119 artyku\u0142\u00f3w wykonuj\u0105 nauczyciele.<\/span><\/span><\/span><\/span><\/p><p lang=\"pl-PL\"><span style=\"color: #000000;\"><span style=\"font-family: Times New Roman, serif;\"><span style=\"font-size: medium;\">Podczas tworzenia szkolnej gazetki uczniowie przede wszystkim rozwijaj\u0105 umiej\u0119tno\u015bci redakcyjne, wyrabiaj\u0105 nawyk uwa\u017cnego obserwowania rzeczywisto\u015bci i jej komentowania, a tak\u017ce maj\u0105 mo\u017cliwo\u015b\u0107 promowania swojej tw\u00f3rczo\u015bci. W naszej gazetce mo\u017cna znale\u017a\u0107 artyku\u0142y opisuj\u0105ce wa\u017cne wydarzenia z \u017cycia szko\u0142y, wywiady, filmiki (kody QR), ciekawostki, krzy\u017c\u00f3wki oraz osi\u0105gni\u0119cia naszych uczni\u00f3w w r\u00f3\u017cnych przedsi\u0119wzi\u0119ciach odbywaj\u0105cych si\u0119 w szkole jak r\u00f3wnie\u017c i poza szko\u0142\u0105.<\/span><\/span><\/span><\/p>\t\t\t\t\t\t\t\t<\/div>\n\t\t\t\t<\/div>\n\t\t\t\t<div class=\"elementor-element elementor-element-2c9b211 elementor-widget elementor-widget-image\" data-id=\"2c9b211\" data-element_type=\"widget\" data-e-type=\"widget\" data-widget_type=\"image.default\">\n\t\t\t\t<div class=\"elementor-widget-container\">\n\t\t\t\t\t\t\t\t\t\t\t\t<figure class=\"wp-caption\">\n\t\t\t\t\t\t\t\t\t\t\t<a href=\"http:\/\/liceumlaszczow.eu\/wp-content\/uploads\/2021\/12\/gazetka-nr-6.pdf\" target=\"_blank\">\n\t\t\t\t\t\t\t<img fetchpriority=\"high\" decoding=\"async\" width=\"596\" height=\"843\" src=\"https:\/\/liceumlaszczow.eu\/wp-content\/uploads\/2021\/12\/gazetka-6-01.jpg\" class=\"attachment-large size-large wp-image-897\" alt=\"\" srcset=\"https:\/\/liceumlaszczow.eu\/wp-content\/uploads\/2021\/12\/gazetka-6-01.jpg 596w, https:\/\/liceumlaszczow.eu\/wp-content\/uploads\/2021\/12\/gazetka-6-01-212x300.jpg 212w\" sizes=\"(max-width: 596px) 100vw, 596px\" \/>\t\t\t\t\t\t\t\t<\/a>\n\t\t\t\t\t\t\t\t\t\t\t<figcaption class=\"widget-image-caption wp-caption-text\">Kliknij, \u017ceby obejrze\u0107<\/figcaption>\n\t\t\t\t\t\t\t\t\t\t<\/figure>\n\t\t\t\t\t\t\t\t\t<\/div>\n\t\t\t\t<\/div>\n\t\t\t\t\t<\/div>\n\t\t<\/div>\n\t\t\t\t\t<\/div>\n\t\t<\/section>\n\t\t\t\t<div class=\"elementor-element elementor-element-5fbe3790 elementor-widget elementor-widget-spacer\" data-id=\"5fbe3790\" data-element_type=\"widget\" data-e-type=\"widget\" data-widget_type=\"spacer.default\">\n\t\t\t\t<div class=\"elementor-widget-container\">\n\t\t\t\t\t\t\t<div class=\"elementor-spacer\">\n\t\t\t<div class=\"elementor-spacer-inner\"><\/div>\n\t\t<\/div>\n\t\t\t\t\t\t<\/div>\n\t\t\t\t<\/div>\n\t\t\t\t\t<\/div>\n\t\t<\/div>\n\t\t\t\t<div class=\"elementor-column elementor-col-50 elementor-top-column elementor-element elementor-element-5bcc4bfb elementor-invisible\" data-id=\"5bcc4bfb\" data-element_type=\"column\" data-e-type=\"column\" data-settings=\"{&quot;animation&quot;:&quot;fadeIn&quot;,&quot;animation_delay&quot;:200}\">\n\t\t\t<div class=\"elementor-widget-wrap elementor-element-populated\">\n\t\t\t\t\t\t<div class=\"elementor-element elementor-element-0677f3b elementor-widget elementor-widget-image\" data-id=\"0677f3b\" data-element_type=\"widget\" data-e-type=\"widget\" data-widget_type=\"image.default\">\n\t\t\t\t<div class=\"elementor-widget-container\">\n\t\t\t\t\t\t\t\t\t\t\t\t<figure class=\"wp-caption\">\n\t\t\t\t\t\t\t\t\t\t\t<a href=\"http:\/\/liceumlaszczow.eu\/wp-content\/uploads\/2021\/12\/GAZETKA_Szkola_laszczow_A4_pion_szyty_200szt.pdf\" target=\"_blank\">\n\t\t\t\t\t\t\t<img decoding=\"async\" width=\"596\" height=\"843\" src=\"https:\/\/liceumlaszczow.eu\/wp-content\/uploads\/2021\/12\/gazetka-3-01.jpg\" class=\"attachment-large size-large wp-image-889\" alt=\"\" srcset=\"https:\/\/liceumlaszczow.eu\/wp-content\/uploads\/2021\/12\/gazetka-3-01.jpg 596w, https:\/\/liceumlaszczow.eu\/wp-content\/uploads\/2021\/12\/gazetka-3-01-212x300.jpg 212w\" sizes=\"(max-width: 596px) 100vw, 596px\" \/>\t\t\t\t\t\t\t\t<\/a>\n\t\t\t\t\t\t\t\t\t\t\t<figcaption class=\"widget-image-caption wp-caption-text\">Kliknij, \u017ceby obejrze\u0107<\/figcaption>\n\t\t\t\t\t\t\t\t\t\t<\/figure>\n\t\t\t\t\t\t\t\t\t<\/div>\n\t\t\t\t<\/div>\n\t\t\t\t<div class=\"elementor-element elementor-element-63483ec elementor-widget elementor-widget-image\" data-id=\"63483ec\" data-element_type=\"widget\" data-e-type=\"widget\" data-widget_type=\"image.default\">\n\t\t\t\t<div class=\"elementor-widget-container\">\n\t\t\t\t\t\t\t\t\t\t\t\t<figure class=\"wp-caption\">\n\t\t\t\t\t\t\t\t\t\t\t<a href=\"http:\/\/liceumlaszczow.eu\/wp-content\/uploads\/2021\/12\/gazetka-nr-3-1.pdf\" target=\"_blank\">\n\t\t\t\t\t\t\t<img decoding=\"async\" width=\"596\" height=\"842\" src=\"https:\/\/liceumlaszczow.eu\/wp-content\/uploads\/2021\/12\/gazetka-4-01.jpg\" class=\"attachment-large size-large wp-image-890\" alt=\"\" srcset=\"https:\/\/liceumlaszczow.eu\/wp-content\/uploads\/2021\/12\/gazetka-4-01.jpg 596w, https:\/\/liceumlaszczow.eu\/wp-content\/uploads\/2021\/12\/gazetka-4-01-212x300.jpg 212w\" sizes=\"(max-width: 596px) 100vw, 596px\" \/>\t\t\t\t\t\t\t\t<\/a>\n\t\t\t\t\t\t\t\t\t\t\t<figcaption class=\"widget-image-caption wp-caption-text\">Kliknij, \u017ceby obejrze\u0107<\/figcaption>\n\t\t\t\t\t\t\t\t\t\t<\/figure>\n\t\t\t\t\t\t\t\t\t<\/div>\n\t\t\t\t<\/div>\n\t\t\t\t<div class=\"elementor-element elementor-element-5257a49 elementor-widget elementor-widget-text-editor\" data-id=\"5257a49\" data-element_type=\"widget\" data-e-type=\"widget\" data-widget_type=\"text-editor.default\">\n\t\t\t\t<div class=\"elementor-widget-container\">\n\t\t\t\t\t\t\t\t\t<p lang=\"pl-PL\"><span style=\"color: #000000;\"><span style=\"font-family: Times New Roman, serif;\"><span style=\"font-size: medium;\">NASZ SUKCES!! Dwa wydania gazetki, kt\u00f3re zg\u0142osili\u015bmy do Konkursu Ekologiczno-Regionalnego Lubelszczyzna \u2013 Moja Ma\u0142a Ojczyzna zdoby\u0142y 3 nagrody: II miejsce oraz Nagrod\u0119 Specjaln\u0105 w roku 2020 i I miejsce w roku 2021. <\/span><\/span><\/span><\/p>\t\t\t\t\t\t\t\t<\/div>\n\t\t\t\t<\/div>\n\t\t\t\t\t<\/div>\n\t\t<\/div>\n\t\t\t\t\t<\/div>\n\t\t<\/section>\n\t\t\t\t<\/div>\n\t\t","protected":false},"excerpt":{"rendered":"<p>Sk\u0142ad zespo\u0142u redakcyjnego: Kamila Wilczak Katarzyna Greszata Klaudia Koper Opiekun zespo\u0142u: Iwona Zielonka Termin spotkania zespo\u0142u czwartek godz. 8.00 \u2013 8.45 Szko\u0142a przyjazna uczniowi to taka szko\u0142a, kt\u00f3ra daje swoim podopiecznym mo\u017cliwo\u015b\u0107 rozwoju zainteresowa\u0144, talent\u00f3w, zapewnia zaspokojenie potrzeby uznania, aprobaty, stwarza przyjazny klimat i daje poczucie wi\u0119zi z innymi. Jednym ze sposob\u00f3w budowania wsp\u00f3lnoty szkolnej &hellip;<\/p>\n<p class=\"read-more\"> <a class=\"\" href=\"https:\/\/liceumlaszczow.eu\/index.php\/gazetka\/\"> <span class=\"screen-reader-text\">Gazetka<\/span> Read More &raquo;<\/a><\/p>\n","protected":false},"author":1,"featured_media":0,"parent":0,"menu_order":0,"comment_status":"closed","ping_status":"closed","template":"","meta":{"site-sidebar-layout":"no-sidebar","site-content-layout":"page-builder","ast-main-header-display":"","ast-hfb-above-header-display":"","ast-hfb-below-header-display":"","ast-hfb-mobile-header-display":"","site-post-title":"disabled","ast-breadcrumbs-content":"","ast-featured-img":"disabled","footer-sml-layout":"","theme-transparent-header-meta":"","adv-header-id-meta":"","stick-header-meta":"","header-above-stick-meta":"","header-main-stick-meta":"","header-below-stick-meta":"","footnotes":""},"class_list":["post-31","page","type-page","status-publish","hentry"],"_links":{"self":[{"href":"https:\/\/liceumlaszczow.eu\/index.php\/wp-json\/wp\/v2\/pages\/31","targetHints":{"allow":["GET"]}}],"collection":[{"href":"https:\/\/liceumlaszczow.eu\/index.php\/wp-json\/wp\/v2\/pages"}],"about":[{"href":"https:\/\/liceumlaszczow.eu\/index.php\/wp-json\/wp\/v2\/types\/page"}],"author":[{"embeddable":true,"href":"https:\/\/liceumlaszczow.eu\/index.php\/wp-json\/wp\/v2\/users\/1"}],"replies":[{"embeddable":true,"href":"https:\/\/liceumlaszczow.eu\/index.php\/wp-json\/wp\/v2\/comments?post=31"}],"version-history":[{"count":10,"href":"https:\/\/liceumlaszczow.eu\/index.php\/wp-json\/wp\/v2\/pages\/31\/revisions"}],"predecessor-version":[{"id":900,"href":"https:\/\/liceumlaszczow.eu\/index.php\/wp-json\/wp\/v2\/pages\/31\/revisions\/900"}],"wp:attachment":[{"href":"https:\/\/liceumlaszczow.eu\/index.php\/wp-json\/wp\/v2\/media?parent=31"}],"curies":[{"name":"wp","href":"https:\/\/api.w.org\/{rel}","templated":true}]}}