{"id":3295,"date":"2026-04-19T22:24:53","date_gmt":"2026-04-19T20:24:53","guid":{"rendered":"https:\/\/liceumlaszczow.eu\/?page_id=3295"},"modified":"2026-04-19T22:24:58","modified_gmt":"2026-04-19T20:24:58","slug":"rok-szkolny-2025-2026","status":"publish","type":"page","link":"https:\/\/liceumlaszczow.eu\/index.php\/rok-szkolny-2025-2026\/","title":{"rendered":"Rok szkolny 2025-2026"},"content":{"rendered":"\t\t<div data-elementor-type=\"wp-page\" data-elementor-id=\"3295\" class=\"elementor elementor-3295\">\n\t\t\t\t\t\t<section class=\"elementor-section elementor-top-section elementor-element elementor-element-f5ad0d9 elementor-section-boxed elementor-section-height-default elementor-section-height-default\" data-id=\"f5ad0d9\" data-element_type=\"section\" data-e-type=\"section\">\n\t\t\t\t\t\t<div class=\"elementor-container elementor-column-gap-default\">\n\t\t\t\t\t<div class=\"elementor-column elementor-col-100 elementor-top-column elementor-element elementor-element-14d6a07\" data-id=\"14d6a07\" data-element_type=\"column\" data-e-type=\"column\">\n\t\t\t<div class=\"elementor-widget-wrap elementor-element-populated\">\n\t\t\t\t\t\t<div class=\"elementor-element elementor-element-65913f0 elementor-widget elementor-widget-text-editor\" data-id=\"65913f0\" data-element_type=\"widget\" data-e-type=\"widget\" data-widget_type=\"text-editor.default\">\n\t\t\t\t<div class=\"elementor-widget-container\">\n\t\t\t\t\t\t\t\t\t<h6>Kwiecie\u0144 2026\u00a0<\/h6><h4>XLI Olimpiada Wiedzy Ekologicznej &#8211; etap okr\u0119gowy w Lublinie. Ucze\u0144 kl.3c uzyska\u0142 tytu\u0142 laureata Olimpiady Ekologicznej.<\/h4><p>Olimpiada Wiedzy Ekologicznej w wojew\u00f3dztwie lubelskim &#8211; Zesp\u00f3\u0142 Lubelskich Par<span style=\"font-style: inherit; font-weight: inherit;\">k\u00f3w Krajo<\/span><span style=\"font-style: inherit; font-weight: inherit;\">brazowych<\/span><\/p><p><div id='gallery-1' class='gallery galleryid-3295 gallery-columns-3 gallery-size-medium'><figure class='gallery-item'>\n\t\t\t<div class='gallery-icon landscape'>\n\t\t\t\t<a href='https:\/\/liceumlaszczow.eu\/wp-content\/uploads\/2026\/04\/51b32483-d3d0-4007-bc1d-ded28babd875.jpg'><img fetchpriority=\"high\" decoding=\"async\" width=\"300\" height=\"225\" src=\"https:\/\/liceumlaszczow.eu\/wp-content\/uploads\/2026\/04\/51b32483-d3d0-4007-bc1d-ded28babd875-300x225.jpg\" class=\"attachment-medium size-medium\" alt=\"\" srcset=\"https:\/\/liceumlaszczow.eu\/wp-content\/uploads\/2026\/04\/51b32483-d3d0-4007-bc1d-ded28babd875-300x225.jpg 300w, https:\/\/liceumlaszczow.eu\/wp-content\/uploads\/2026\/04\/51b32483-d3d0-4007-bc1d-ded28babd875-1024x769.jpg 1024w, https:\/\/liceumlaszczow.eu\/wp-content\/uploads\/2026\/04\/51b32483-d3d0-4007-bc1d-ded28babd875-768x576.jpg 768w, https:\/\/liceumlaszczow.eu\/wp-content\/uploads\/2026\/04\/51b32483-d3d0-4007-bc1d-ded28babd875-1536x1153.jpg 1536w, https:\/\/liceumlaszczow.eu\/wp-content\/uploads\/2026\/04\/51b32483-d3d0-4007-bc1d-ded28babd875.jpg 2048w\" sizes=\"(max-width: 300px) 100vw, 300px\" \/><\/a>\n\t\t\t<\/div><\/figure><figure class='gallery-item'>\n\t\t\t<div class='gallery-icon landscape'>\n\t\t\t\t<a href='https:\/\/liceumlaszczow.eu\/wp-content\/uploads\/2026\/04\/1da54dac-c0b5-463a-a782-0bc0173597b9.jpg'><img decoding=\"async\" width=\"300\" height=\"226\" src=\"https:\/\/liceumlaszczow.eu\/wp-content\/uploads\/2026\/04\/1da54dac-c0b5-463a-a782-0bc0173597b9-300x226.jpg\" class=\"attachment-medium size-medium\" alt=\"\" srcset=\"https:\/\/liceumlaszczow.eu\/wp-content\/uploads\/2026\/04\/1da54dac-c0b5-463a-a782-0bc0173597b9-300x226.jpg 300w, https:\/\/liceumlaszczow.eu\/wp-content\/uploads\/2026\/04\/1da54dac-c0b5-463a-a782-0bc0173597b9-1024x771.jpg 1024w, https:\/\/liceumlaszczow.eu\/wp-content\/uploads\/2026\/04\/1da54dac-c0b5-463a-a782-0bc0173597b9-768x578.jpg 768w, https:\/\/liceumlaszczow.eu\/wp-content\/uploads\/2026\/04\/1da54dac-c0b5-463a-a782-0bc0173597b9-1536x1157.jpg 1536w, https:\/\/liceumlaszczow.eu\/wp-content\/uploads\/2026\/04\/1da54dac-c0b5-463a-a782-0bc0173597b9.jpg 2048w\" sizes=\"(max-width: 300px) 100vw, 300px\" \/><\/a>\n\t\t\t<\/div><\/figure><figure class='gallery-item'>\n\t\t\t<div class='gallery-icon portrait'>\n\t\t\t\t<a href='https:\/\/liceumlaszczow.eu\/wp-content\/uploads\/2026\/04\/3523b704-989a-4047-8fe5-d5d62a35868b.jpg'><img decoding=\"async\" width=\"226\" height=\"300\" src=\"https:\/\/liceumlaszczow.eu\/wp-content\/uploads\/2026\/04\/3523b704-989a-4047-8fe5-d5d62a35868b-226x300.jpg\" class=\"attachment-medium size-medium\" alt=\"\" srcset=\"https:\/\/liceumlaszczow.eu\/wp-content\/uploads\/2026\/04\/3523b704-989a-4047-8fe5-d5d62a35868b-226x300.jpg 226w, https:\/\/liceumlaszczow.eu\/wp-content\/uploads\/2026\/04\/3523b704-989a-4047-8fe5-d5d62a35868b-771x1024.jpg 771w, https:\/\/liceumlaszczow.eu\/wp-content\/uploads\/2026\/04\/3523b704-989a-4047-8fe5-d5d62a35868b-768x1020.jpg 768w, https:\/\/liceumlaszczow.eu\/wp-content\/uploads\/2026\/04\/3523b704-989a-4047-8fe5-d5d62a35868b-1157x1536.jpg 1157w, https:\/\/liceumlaszczow.eu\/wp-content\/uploads\/2026\/04\/3523b704-989a-4047-8fe5-d5d62a35868b.jpg 1542w\" sizes=\"(max-width: 226px) 100vw, 226px\" \/><\/a>\n\t\t\t<\/div><\/figure>\n\t\t<\/div>\n<\/p>\t\t\t\t\t\t\t\t<\/div>\n\t\t\t\t<\/div>\n\t\t\t\t<div class=\"elementor-element elementor-element-0dcf83a elementor-widget elementor-widget-text-editor\" data-id=\"0dcf83a\" data-element_type=\"widget\" data-e-type=\"widget\" data-widget_type=\"text-editor.default\">\n\t\t\t\t<div class=\"elementor-widget-container\">\n\t\t\t\t\t\t\t\t\t<p><b>Grudzie\u0144 2025<\/b><\/p><h4><b>Wycieczka edukacyjna:Podkarpacke Centrum Nauki,,\u0141ukasiewicz\u201d w Jasionce.<\/b><\/h4><p><span style=\"font-weight: 400;\">Centrum Nauki,,\u0141ukasieiwcz\u2019 to obiekt nowej generacji. To miejsce dynamiczne i interaktywne, w kt\u00f3rym mo\u017cna do woli eksperymentowa\u0107, testowa\u0107, pyta\u0107, do\u015bwiadcza\u0107 i rozwija\u0107 naukowe zainteresowania. S\u0142u\u017cy do tego prawie 200 interaktywnych eksponat\u00f3w<\/span> <span style=\"font-weight: 400;\">oraz 5 w pe\u0142ni wyposa\u017conych pracowni warsztatowych: <\/span><span style=\"font-weight: 400;\">Uczniowie mieli okazj\u0119 uczestniczy\u0107 w warsztatach\u00a0 ,,\u015awiat w detalu\u201d w Pracowni Biologicznej<\/span><\/p>\t\t\t\t\t\t\t\t<\/div>\n\t\t\t\t<\/div>\n\t\t\t\t<div class=\"elementor-element elementor-element-9ae7445 elementor-widget elementor-widget-text-editor\" data-id=\"9ae7445\" data-element_type=\"widget\" data-e-type=\"widget\" data-widget_type=\"text-editor.default\">\n\t\t\t\t<div class=\"elementor-widget-container\">\n\t\t\t\t\t\t\t\t\t<h4><b>Noc Biolog\u00f3w -Wydzia\u0142 Biologii i Biotechnologii UMCS w Lublinie.<\/b><\/h4><p><span style=\"font-weight: 400;\">Uczniowie mieli okazje wzi\u0105\u0107 udzia\u0142 w wyk\u0142adach,pokazach,warsztatach oraz zaj\u0119ciach laboratoryjnych,dzi\u0119ki kt\u00f3rym mogli odkrywa\u0107 fascynuj\u0105ce tajemnice biologii<\/span><\/p>\t\t\t\t\t\t\t\t<\/div>\n\t\t\t\t<\/div>\n\t\t\t\t<div class=\"elementor-element elementor-element-9a31d95 elementor-widget elementor-widget-text-editor\" data-id=\"9a31d95\" data-element_type=\"widget\" data-e-type=\"widget\" data-widget_type=\"text-editor.default\">\n\t\t\t\t<div class=\"elementor-widget-container\">\n\t\t\t\t\t\t\t\t\t<p><b>Grudzie\u0144 2025<\/b><\/p><p>\u00a0<\/p><h4><b>Warsztaty biologiczno-chemiczne prowadzone w ramach Konwentu M\u0142odzie\u017cy\u00a0<\/b><b style=\"font-style: inherit;\">,,Biologiczni mikrodetektywi\u201d.<\/b><\/h4><p>\u00a0<\/p><p><b><i>Wielki \u015bwiat w skali <\/i><\/b><b><i>mikro<\/i><\/b><span style=\"font-weight: 400;\">&#8211; czyli co mo\u017cna zobaczy\u0107 w obiektywie mikroskopu(-przygotowanie \u015bwie\u017cych preparat\u00f3w -kom\u00f3rki dro\u017cd\u017cy,obserwacja chloroplast\u00f3w,aparat\u00f3w szparkowych,ziarna skrobi,kom\u00f3rek cebuli)<\/span><\/p><p>\u00a0<\/p><p><b><i>.\u201e<\/i><\/b><b><i>Biologia bez tajemnic\u201d<\/i><\/b><span style=\"font-weight: 400;\"> \u2013 kolorowa kapusta. <\/span><span style=\"font-weight: 400;\">Do\u015bwiadczenie, kt\u00f3rego celem by\u0142o badanie istnienia transportu wody w ro\u015blinach.\u00a0\u00a0<\/span><\/p><p><b><i>,,<\/i><\/b><b>Chemiczny ogr\u00f3d<\/b><b><i>,\u2019\u2019<\/i><\/b><span style=\"font-weight: 400;\"> to\u00a0eksperyment wykorzystuj\u0105cy zjawisko osmozy. Dzi\u0119ki temu procesowi w\u00a0zlewce mo\u017cemy obserwowa\u0107 rosn\u0105ce, r\u00f3\u017cnokolorowe wykwity(sole), przypominaj\u0105ce ro\u015bliny.<\/span><\/p>\t\t\t\t\t\t\t\t<\/div>\n\t\t\t\t<\/div>\n\t\t\t\t<div class=\"elementor-element elementor-element-ffb12e0 elementor-widget elementor-widget-text-editor\" data-id=\"ffb12e0\" data-element_type=\"widget\" data-e-type=\"widget\" data-widget_type=\"text-editor.default\">\n\t\t\t\t<div class=\"elementor-widget-container\">\n\t\t\t\t\t\t\t\t\t<p><b>Grudzie\u0144 2025<\/b><\/p><h4><b>Cykl wyk\u0142ad\u00f3w prowadzonych przez Zamojskie Towarzystwo Przyrodnicze.\u00a0<\/b><b style=\"font-style: inherit;\">Wystawa zdj\u0119\u0107,,Osobliwo\u015bci przyrodnicze Grz\u0119dy Sokalskiej\u2019.<\/b><\/h4><p><span style=\"font-weight: 400;\">Wyk\u0142ad 1-Ciekawostki ornitologiczne na Grz\u0119dzie Sokalskiej-dr.Jerzy Michalczuk(Uniwersytet Rzeszowski)<\/span><\/p><p><span style=\"font-weight: 400;\">Wyk\u0142ad 2-Cenne zbiorowiska ro\u015blinne i owady na Grz\u0119dzie-mgr Piotr Chmielewski(ZamToP).<\/span><\/p><p><span style=\"font-weight: 400;\">Wyk\u0142ad 3-Pomagamy przyrodzie-czyli czynna ochrona i programy rolno-\u015brodowiskowe-mgr Krzysztof Monastyrski<\/span><\/p>\t\t\t\t\t\t\t\t<\/div>\n\t\t\t\t<\/div>\n\t\t\t\t<div class=\"elementor-element elementor-element-581036e elementor-widget elementor-widget-text-editor\" data-id=\"581036e\" data-element_type=\"widget\" data-e-type=\"widget\" data-widget_type=\"text-editor.default\">\n\t\t\t\t<div class=\"elementor-widget-container\">\n\t\t\t\t\t\t\t\t\t<p><b>Listopad 2025<\/b><\/p><p>\u00a0<\/p><p><b>Badania,,Noclegowiska g\u0119si na Lubelszczy\u017anie\u2019\u2019-Zamojskie Towarzystwo Przyrodnicze.<\/b><\/p>\t\t\t\t\t\t\t\t<\/div>\n\t\t\t\t<\/div>\n\t\t\t\t<div class=\"elementor-element elementor-element-23af1f5 elementor-widget elementor-widget-text-editor\" data-id=\"23af1f5\" data-element_type=\"widget\" data-e-type=\"widget\" data-widget_type=\"text-editor.default\">\n\t\t\t\t<div class=\"elementor-widget-container\">\n\t\t\t\t\t\t\t\t\t<p><b>Pa\u017adziernik 2025<\/b><\/p><p>\u00a0<\/p><p><b>Spotkanie autorskie z Renat\u0105 Ferenc-Pupek, wsp\u00f3\u0142autork\u0105 ksi\u0105\u017cki\u00a0 \u201eRoztocze. To, co najwa\u017cniejsze\u201d.<\/b><b>\u00a0<\/b><\/p><p><span style=\"font-weight: 400;\">Roztocze to przede wszystkim unikalne po\u0142\u0105czenie dzikiej przyrody, pi\u0119knych krajobraz\u00f3w (w\u0105wozy, pag\u00f3rki), czystego powietrza i bogatej historii Kres\u00f3w z zabytkami, kultur\u0105 i tradycjami, a &#8222;to, co najwa\u017cniejsze&#8221; to tak\u017ce tytu\u0142 ksi\u0105\u017cki b\u0119d\u0105cej kompendium wiedzy o regionie, ukazuj\u0105cej jego pi\u0119kno i z\u0142o\u017cono\u015b\u0107, od przyrody (zwierz\u0119ta, rzeki,skamienia\u0142e drzewa), przez kultur\u0119 (kapliczki, dwory, synagogi), po produkty lokalne (miody, sery)<\/span><span style=\"font-weight: 400;\">.<\/span><\/p>\t\t\t\t\t\t\t\t<\/div>\n\t\t\t\t<\/div>\n\t\t\t\t<div class=\"elementor-element elementor-element-a246133 elementor-widget elementor-widget-text-editor\" data-id=\"a246133\" data-element_type=\"widget\" data-e-type=\"widget\" data-widget_type=\"text-editor.default\">\n\t\t\t\t<div class=\"elementor-widget-container\">\n\t\t\t\t\t\t\t\t\t<p><b>Wrzesie\u0144 2025<\/b><\/p><p>\u00a0<\/p><p><b>Sprz\u0105tanie \u015awiata 2025 po has\u0142em,,W natur\u0119 z kultur\u0105\u201d.<\/b><\/p><p><br \/><span style=\"font-weight: 400;\">&#8222;<\/span><a href=\"https:\/\/www.google.com\/search?q=W+natur%C4%99+z+kultur%C4%85&amp;newwindow=1&amp;sca_esv=ea7792467c63b826&amp;ei=SGtRabaQAvbUxc8PvNqIyAM&amp;ved=2ahUKEwiLidPo6uCRAxUgSPEDHadBCM8QgK4QegQIARAB&amp;uact=5&amp;oq=w+natur%C4%99+z+kultur%C4%85&amp;gs_lp=Egxnd3Mtd2l6LXNlcnAiFHcgbmF0dXLEmSB6IGt1bHR1csSFMgUQABiABDIFEAAYgAQyBRAAGIAEMgUQABiABDIFEAAYgAQyBhAAGBYYHjIGEAAYFhgeMggQABiiBBiJBTIFEAAY7wUyCBAAGIAEGKIESN1gUJUIWNxTcAN4AJABAJgBf6AB7g-qAQQyLjE2uAEDyAEA-AEBmAIVoALPEKgCCsICDRAAGIAEGLADGEMYigXCAhMQABiABBiwAxixAxhDGIMBGIoFwgIOEAAYgAQYsAMYsQMYgwHCAhAQABiABBixAxhDGIMBGIoFwgILEAAYgAQYsQMYgwHCAgoQABiABBhDGIoFwgIOEAAYgAQYsQMYgwEYigXCAgUQLhiABMICEBAAGAMYtAIY6gIYjwHYAQHCAhAQLhgDGLQCGOoCGI8B2AEBwgIMEAAYgAQYQxiKBRgKwgIWEC4YgAQYsQMY0QMYQxiDARjHARiKBcICCxAuGIAEGLEDGIMBwgIIEC4YgAQYsQPCAg4QLhiABBixAxiDARiKBcICGhAuGIAEGLEDGIMBGJcFGNwEGN4EGOAE2AECmAMG8QUvBdrfZMSLMYgGAZAGCroGBAgBGAq6BgYIAhABGBSSBwQzLjE4oAeKiwGyBwQwLjE4uAe_EMIHBjAuOS4xMsgHR4AIAA&amp;sclient=gws-wiz-serp&amp;mstk=AUtExfDiIWDIOQng8SqsmKWjBK2_rKYiqpt7JCrF-fRXh2RQmENPrvcIgxhHhBqBFSLU0OH7JM-HMf1gEwec7kMzCbVSDDg1MaTZ3URKQWLiNACWsI0-SZi7T_c0yxMaUkxoh0c&amp;csui=3\"><span style=\"font-weight: 400;\">W natur\u0119 z kultur\u0105<\/span><\/a><span style=\"font-weight: 400;\">&#8221; <\/span><span style=\"font-weight: 400;\">to <\/span><span style=\"font-weight: 400;\">has\u0142o 32. edycji Akcji Sprz\u0105tanie \u015awiata w Polsce (2025), promuj\u0105ce odpowiedzialne i \u015bwiadome obcowanie z przyrod\u0105, z naciskiem na niepozostawianie \u015bmieci i minimalizowanie negatywnego wp\u0142ywu cz\u0142owieka na \u015brodowisko, podkre\u015blaj\u0105ce rol\u0119 kultury i to\u017csamo\u015bci w trosce o natur\u0119<\/span><span style=\"font-weight: 400;\">. W ramach tej inicjatywy zorganizowane\u00a0 akcje sprz\u0105tania pobliskiego parku.<\/span><\/p>\t\t\t\t\t\t\t\t<\/div>\n\t\t\t\t<\/div>\n\t\t\t\t\t<\/div>\n\t\t<\/div>\n\t\t\t\t\t<\/div>\n\t\t<\/section>\n\t\t\t\t<\/div>\n\t\t","protected":false},"excerpt":{"rendered":"<p>Kwiecie\u0144 2026\u00a0 XLI Olimpiada Wiedzy Ekologicznej &#8211; etap okr\u0119gowy w Lublinie. Ucze\u0144 kl.3c uzyska\u0142 tytu\u0142 laureata Olimpiady Ekologicznej. Olimpiada Wiedzy Ekologicznej w wojew\u00f3dztwie lubelskim &#8211; Zesp\u00f3\u0142 Lubelskich Park\u00f3w Krajobrazowych Grudzie\u0144 2025 Wycieczka edukacyjna:Podkarpacke Centrum Nauki,,\u0141ukasiewicz\u201d w Jasionce. Centrum Nauki,,\u0141ukasieiwcz\u2019 to obiekt nowej generacji. To miejsce dynamiczne i interaktywne, w kt\u00f3rym mo\u017cna do woli eksperymentowa\u0107, testowa\u0107, &hellip;<\/p>\n<p class=\"read-more\"> <a class=\"\" href=\"https:\/\/liceumlaszczow.eu\/index.php\/rok-szkolny-2025-2026\/\"> <span class=\"screen-reader-text\">Rok szkolny 2025-2026<\/span> Read More &raquo;<\/a><\/p>\n","protected":false},"author":2,"featured_media":0,"parent":0,"menu_order":0,"comment_status":"closed","ping_status":"closed","template":"","meta":{"site-sidebar-layout":"no-sidebar","site-content-layout":"page-builder","ast-main-header-display":"","ast-hfb-above-header-display":"","ast-hfb-below-header-display":"","ast-hfb-mobile-header-display":"","site-post-title":"disabled","ast-breadcrumbs-content":"","ast-featured-img":"disabled","footer-sml-layout":"","theme-transparent-header-meta":"","adv-header-id-meta":"","stick-header-meta":"","header-above-stick-meta":"","header-main-stick-meta":"","header-below-stick-meta":"","footnotes":""},"class_list":["post-3295","page","type-page","status-publish","hentry"],"_links":{"self":[{"href":"https:\/\/liceumlaszczow.eu\/index.php\/wp-json\/wp\/v2\/pages\/3295","targetHints":{"allow":["GET"]}}],"collection":[{"href":"https:\/\/liceumlaszczow.eu\/index.php\/wp-json\/wp\/v2\/pages"}],"about":[{"href":"https:\/\/liceumlaszczow.eu\/index.php\/wp-json\/wp\/v2\/types\/page"}],"author":[{"embeddable":true,"href":"https:\/\/liceumlaszczow.eu\/index.php\/wp-json\/wp\/v2\/users\/2"}],"replies":[{"embeddable":true,"href":"https:\/\/liceumlaszczow.eu\/index.php\/wp-json\/wp\/v2\/comments?post=3295"}],"version-history":[{"count":4,"href":"https:\/\/liceumlaszczow.eu\/index.php\/wp-json\/wp\/v2\/pages\/3295\/revisions"}],"predecessor-version":[{"id":3305,"href":"https:\/\/liceumlaszczow.eu\/index.php\/wp-json\/wp\/v2\/pages\/3295\/revisions\/3305"}],"wp:attachment":[{"href":"https:\/\/liceumlaszczow.eu\/index.php\/wp-json\/wp\/v2\/media?parent=3295"}],"curies":[{"name":"wp","href":"https:\/\/api.w.org\/{rel}","templated":true}]}}