{"id":35,"date":"2021-03-16T22:15:38","date_gmt":"2021-03-16T21:15:38","guid":{"rendered":"http:\/\/liceumlaszczow.eu\/?page_id=35"},"modified":"2021-04-27T08:43:44","modified_gmt":"2021-04-27T06:43:44","slug":"biblioteka","status":"publish","type":"page","link":"https:\/\/liceumlaszczow.eu\/index.php\/biblioteka\/","title":{"rendered":"Biblioteka"},"content":{"rendered":"\t\t<div data-elementor-type=\"wp-page\" data-elementor-id=\"35\" class=\"elementor elementor-35\">\n\t\t\t\t\t\t<header class=\"elementor-section elementor-top-section elementor-element elementor-element-7ffab87 elementor-section-height-min-height elementor-section-items-bottom elementor-section-boxed elementor-section-height-default\" data-id=\"7ffab87\" data-element_type=\"section\" data-e-type=\"section\" data-settings=\"{&quot;background_background&quot;:&quot;classic&quot;}\">\n\t\t\t\t\t\t\t<div class=\"elementor-background-overlay\"><\/div>\n\t\t\t\t\t\t\t<div class=\"elementor-container elementor-column-gap-wider\">\n\t\t\t\t\t<div class=\"elementor-column elementor-col-50 elementor-top-column elementor-element elementor-element-7ce5bbb5\" data-id=\"7ce5bbb5\" data-element_type=\"column\" data-e-type=\"column\">\n\t\t\t<div class=\"elementor-widget-wrap elementor-element-populated\">\n\t\t\t\t\t\t<div class=\"elementor-element elementor-element-cb81aed elementor-widget elementor-widget-heading\" data-id=\"cb81aed\" data-element_type=\"widget\" data-e-type=\"widget\" data-widget_type=\"heading.default\">\n\t\t\t\t<div class=\"elementor-widget-container\">\n\t\t\t\t\t<h1 class=\"elementor-heading-title elementor-size-default\">Biblioteka szkolna<\/h1>\t\t\t\t<\/div>\n\t\t\t\t<\/div>\n\t\t\t\t<div class=\"elementor-element elementor-element-5a2e54c6 elementor-widget elementor-widget-heading\" data-id=\"5a2e54c6\" data-element_type=\"widget\" data-e-type=\"widget\" data-widget_type=\"heading.default\">\n\t\t\t\t<div class=\"elementor-widget-container\">\n\t\t\t\t\t<h3 class=\"elementor-heading-title elementor-size-default\">oraz lista lektur dla szko\u0142 ponadgimnazjalnych<\/h3>\t\t\t\t<\/div>\n\t\t\t\t<\/div>\n\t\t\t\t\t<\/div>\n\t\t<\/div>\n\t\t\t\t<div class=\"elementor-column elementor-col-50 elementor-top-column elementor-element elementor-element-2091f59f elementor-invisible\" data-id=\"2091f59f\" data-element_type=\"column\" data-e-type=\"column\" data-settings=\"{&quot;background_background&quot;:&quot;classic&quot;,&quot;animation&quot;:&quot;fadeIn&quot;}\">\n\t\t\t<div class=\"elementor-widget-wrap\">\n\t\t\t\t\t\t\t<\/div>\n\t\t<\/div>\n\t\t\t\t\t<\/div>\n\t\t<\/header>\n\t\t\t\t<section class=\"elementor-section elementor-top-section elementor-element elementor-element-5ef8e966 elementor-section-content-middle elementor-section-boxed elementor-section-height-default elementor-section-height-default\" data-id=\"5ef8e966\" data-element_type=\"section\" data-e-type=\"section\" data-settings=\"{&quot;background_background&quot;:&quot;classic&quot;}\">\n\t\t\t\t\t\t\t<div class=\"elementor-background-overlay\"><\/div>\n\t\t\t\t\t\t\t<div class=\"elementor-container elementor-column-gap-wider\">\n\t\t\t\t\t<div class=\"elementor-column elementor-col-50 elementor-top-column elementor-element elementor-element-377705ca elementor-invisible\" data-id=\"377705ca\" data-element_type=\"column\" data-e-type=\"column\" data-settings=\"{&quot;background_background&quot;:&quot;classic&quot;,&quot;animation&quot;:&quot;fadeIn&quot;,&quot;animation_delay&quot;:100}\">\n\t\t\t<div class=\"elementor-widget-wrap elementor-element-populated\">\n\t\t\t\t\t\t<div class=\"elementor-element elementor-element-2aa6cbac elementor-widget elementor-widget-heading\" data-id=\"2aa6cbac\" data-element_type=\"widget\" data-e-type=\"widget\" data-widget_type=\"heading.default\">\n\t\t\t\t<div class=\"elementor-widget-container\">\n\t\t\t\t\t<h2 class=\"elementor-heading-title elementor-size-default\">Zasady korzystania z biblioteki<\/h2>\t\t\t\t<\/div>\n\t\t\t\t<\/div>\n\t\t\t\t<div class=\"elementor-element elementor-element-1fe7c54a elementor-widget elementor-widget-text-editor\" data-id=\"1fe7c54a\" data-element_type=\"widget\" data-e-type=\"widget\" data-widget_type=\"text-editor.default\">\n\t\t\t\t<div class=\"elementor-widget-container\">\n\t\t\t\t\t\t\t\t\t<ol><li>Z biblioteki mog\u0105 korzysta\u0107 wszyscy uczniowie, nauczyciele i inni pracownicy szko\u0142y.<\/li><li>Rodzice uczni\u00f3w mog\u0105 korzysta\u0107 z biblioteki na miejscu.<\/li><li>Jednorazowo mo\u017cna wypo\u017cyczy\u0107 dwie ksi\u0105\u017cki na okres dw\u00f3ch tygodni.<\/li><li>Uczniowie przygotowuj\u0105cy si\u0119 do olimpiad i konkurs\u00f3w oraz wolontariusze biblioteczni maj\u0105 prawo wypo\u017cyczy\u0107 jednorazowo wi\u0119ksz\u0105 liczb\u0119 ksi\u0105\u017cek.<\/li><li>Nauczyciele mog\u0105 wypo\u017cyczy\u0107 pi\u0119\u0107 ksi\u0105\u017cek na okres jednego miesi\u0105c.<\/li><li>Po up\u0142ywie terminu zwrotu czytelnik zobowi\u0105zany jest odda\u0107 ksi\u0105\u017ck\u0119 lub j\u0105 prolongowa\u0107, o ile nie jest zam\u00f3wiona.<\/li><li>Wypo\u017cyczone materia\u0142y nale\u017cy chroni\u0107 przed zniszczeniem i zgubieniem. Zauwa\u017cone uszkodzenia zg\u0142asza si\u0119 bibliotekarzowi.<\/li><li>W przypadku zniszczenia lub zagubienia ksi\u0105\u017cki, czytelnik jest zobowi\u0105zany odkupi\u0107 tak\u0105 sam\u0105 lub inn\u0105 uzgodnion\u0105 z bibliotekarzem.<\/li><li>Wszystkie wypo\u017cyczone zbiory powinny by\u0107 zwr\u00f3cone przed ko\u0144cem roku.<\/li><li>W wyj\u0105tkowych przypadkach ksi\u0105\u017cki mog\u0105 by\u0107 wypo\u017cyczane na wakacje.<\/li><li>Z ksi\u0119gozbioru podr\u0119cznego mo\u017cna korzysta\u0107 po uprzednim wpisaniu si\u0119 do zeszytu odwiedzin.<\/li><li>Zbiory podr\u0119czne odstawia na miejsce bibliotekarz.<\/li><li>Do czytelni nie wolno wnosi\u0107 teczek, plecak\u00f3w oraz wierzchnich ubra\u0144.<\/li><li>W bibliotece obowi\u0105zuje cisza i zakaz spo\u017cywania posi\u0142k\u00f3w.<\/li><\/ol>\t\t\t\t\t\t\t\t<\/div>\n\t\t\t\t<\/div>\n\t\t\t\t<div class=\"elementor-element elementor-element-3191fc8d elementor-widget-divider--view-line elementor-widget elementor-widget-divider\" data-id=\"3191fc8d\" data-element_type=\"widget\" data-e-type=\"widget\" data-widget_type=\"divider.default\">\n\t\t\t\t<div class=\"elementor-widget-container\">\n\t\t\t\t\t\t\t<div class=\"elementor-divider\">\n\t\t\t<span class=\"elementor-divider-separator\">\n\t\t\t\t\t\t<\/span>\n\t\t<\/div>\n\t\t\t\t\t\t<\/div>\n\t\t\t\t<\/div>\n\t\t\t\t<div class=\"elementor-element elementor-element-1c7c3a96 elementor-widget elementor-widget-text-editor\" data-id=\"1c7c3a96\" data-element_type=\"widget\" data-e-type=\"widget\" data-widget_type=\"text-editor.default\">\n\t\t\t\t<div class=\"elementor-widget-container\">\n\t\t\t\t\t\t\t\t\t<p><strong>Godziny pracy biblioteki:<\/strong><\/p><p>Poniedzia\u0142ek\u00a0 \u00a0 <strong>9 40 &#8211; 11 30<\/strong><br \/>Wtorek\u00a0 \u00a0 \u00a0 \u00a0 \u00a0 \u00a0 \u00a0 <strong>Wszystkie przerwy<\/strong><br \/>\u015aroda\u00a0 \u00a0 \u00a0 \u00a0 \u00a0 \u00a0 \u00a0 \u00a0 <strong>12 30 &#8211; 13 30<\/strong><br \/>Czwartek\u00a0 \u00a0 \u00a0 \u00a0 \u00a0<strong> 10 30 &#8211; 12 30<\/strong><\/p>\t\t\t\t\t\t\t\t<\/div>\n\t\t\t\t<\/div>\n\t\t\t\t\t<\/div>\n\t\t<\/div>\n\t\t\t\t<div class=\"elementor-column elementor-col-50 elementor-top-column elementor-element elementor-element-a5404b elementor-invisible\" data-id=\"a5404b\" data-element_type=\"column\" data-e-type=\"column\" data-settings=\"{&quot;animation&quot;:&quot;fadeIn&quot;,&quot;animation_delay&quot;:200}\">\n\t\t\t<div class=\"elementor-widget-wrap elementor-element-populated\">\n\t\t\t\t\t\t<div class=\"elementor-element elementor-element-5f8589e1 elementor-widget elementor-widget-image\" data-id=\"5f8589e1\" data-element_type=\"widget\" data-e-type=\"widget\" data-widget_type=\"image.default\">\n\t\t\t\t<div class=\"elementor-widget-container\">\n\t\t\t\t\t\t\t\t\t\t\t\t\t\t\t<img decoding=\"async\" src=\"https:\/\/liceumlaszczow.eu\/wp-content\/uploads\/2021\/04\/DSC_8707.jpg\" title=\"DSC_8707\" alt=\"DSC_8707\" loading=\"lazy\" \/>\t\t\t\t\t\t\t\t\t\t\t\t\t\t\t<\/div>\n\t\t\t\t<\/div>\n\t\t\t\t<div class=\"elementor-element elementor-element-b6b97f2 elementor-widget elementor-widget-image\" data-id=\"b6b97f2\" data-element_type=\"widget\" data-e-type=\"widget\" data-widget_type=\"image.default\">\n\t\t\t\t<div class=\"elementor-widget-container\">\n\t\t\t\t\t\t\t\t\t\t\t\t\t\t\t<img decoding=\"async\" src=\"https:\/\/liceumlaszczow.eu\/wp-content\/uploads\/2021\/04\/DSC_8710.jpg\" title=\"DSC_8710\" alt=\"DSC_8710\" loading=\"lazy\" \/>\t\t\t\t\t\t\t\t\t\t\t\t\t\t\t<\/div>\n\t\t\t\t<\/div>\n\t\t\t\t<div class=\"elementor-element elementor-element-52cbdb84 elementor-widget elementor-widget-spacer\" data-id=\"52cbdb84\" data-element_type=\"widget\" data-e-type=\"widget\" data-widget_type=\"spacer.default\">\n\t\t\t\t<div class=\"elementor-widget-container\">\n\t\t\t\t\t\t\t<div class=\"elementor-spacer\">\n\t\t\t<div class=\"elementor-spacer-inner\"><\/div>\n\t\t<\/div>\n\t\t\t\t\t\t<\/div>\n\t\t\t\t<\/div>\n\t\t\t\t\t<\/div>\n\t\t<\/div>\n\t\t\t\t\t<\/div>\n\t\t<\/section>\n\t\t\t\t<section class=\"elementor-section elementor-top-section elementor-element elementor-element-22f53da6 elementor-section-boxed elementor-section-height-default elementor-section-height-default\" data-id=\"22f53da6\" data-element_type=\"section\" data-e-type=\"section\" data-settings=\"{&quot;background_background&quot;:&quot;classic&quot;}\">\n\t\t\t\t\t\t<div class=\"elementor-container elementor-column-gap-default\">\n\t\t\t\t\t<div class=\"elementor-column elementor-col-16 elementor-top-column elementor-element elementor-element-73f501b\" data-id=\"73f501b\" data-element_type=\"column\" data-e-type=\"column\">\n\t\t\t<div class=\"elementor-widget-wrap\">\n\t\t\t\t\t\t\t<\/div>\n\t\t<\/div>\n\t\t\t\t<div class=\"elementor-column elementor-col-66 elementor-top-column elementor-element elementor-element-7adadbed\" data-id=\"7adadbed\" data-element_type=\"column\" data-e-type=\"column\">\n\t\t\t<div class=\"elementor-widget-wrap elementor-element-populated\">\n\t\t\t\t\t\t<div class=\"elementor-element elementor-element-9edc20c animated-slow elementor-invisible elementor-widget elementor-widget-heading\" data-id=\"9edc20c\" data-element_type=\"widget\" data-e-type=\"widget\" data-settings=\"{&quot;_animation&quot;:&quot;fadeIn&quot;}\" data-widget_type=\"heading.default\">\n\t\t\t\t<div class=\"elementor-widget-container\">\n\t\t\t\t\t<h1 class=\"elementor-heading-title elementor-size-default\">Lektury<\/h1>\t\t\t\t<\/div>\n\t\t\t\t<\/div>\n\t\t\t\t<div class=\"elementor-element elementor-element-1431e90e elementor-invisible elementor-widget elementor-widget-text-editor\" data-id=\"1431e90e\" data-element_type=\"widget\" data-e-type=\"widget\" data-settings=\"{&quot;_animation&quot;:&quot;fadeIn&quot;}\" data-widget_type=\"text-editor.default\">\n\t\t\t\t<div class=\"elementor-widget-container\">\n\t\t\t\t\t\t\t\t\t<p><strong>Egzamin Maturalny od Maja 2009 r.<br \/><\/strong>W zwi\u0105zku z wej\u015bciem w \u017cycie Rozporz\u0105dzenia Ministra Edukacji Narodowej z dnia 29 sierpnia 2008 r. zmieniaj\u0105cego rozporz\u0105dzenie w sprawie podstawy programowej wychowania przedszkolnego oraz kszta\u0142cenia og\u00f3lnego w poszczeg\u00f3lnych typach szk\u00f3\u0142 (DzU Nr 159 poz.992), dyrektor Centrali Komisji Egzaminacyjnej informuje, \u017ce na egzaminie maturalnym z j\u0119zyka polskiego od maja 2009 roku obowi\u0105zywa\u0107 b\u0119d\u0105 nast\u0119puj\u0105ce utwory:<\/p>\t\t\t\t\t\t\t\t<\/div>\n\t\t\t\t<\/div>\n\t\t\t\t<div class=\"elementor-element elementor-element-437f6e0 elementor-widget elementor-widget-accordion\" data-id=\"437f6e0\" data-element_type=\"widget\" data-e-type=\"widget\" data-widget_type=\"accordion.default\">\n\t\t\t\t<div class=\"elementor-widget-container\">\n\t\t\t\t\t\t\t<div class=\"elementor-accordion\">\n\t\t\t\t\t\t\t<div class=\"elementor-accordion-item\">\n\t\t\t\t\t<div id=\"elementor-tab-title-7071\" class=\"elementor-tab-title\" data-tab=\"1\" role=\"button\" aria-controls=\"elementor-tab-content-7071\" aria-expanded=\"false\">\n\t\t\t\t\t\t\t\t\t\t\t\t\t<span class=\"elementor-accordion-icon elementor-accordion-icon-right\" aria-hidden=\"true\">\n\t\t\t\t\t\t\t\t\t\t\t\t\t\t\t<span class=\"elementor-accordion-icon-closed\"><i class=\"fas fa-plus\"><\/i><\/span>\n\t\t\t\t\t\t\t\t<span class=\"elementor-accordion-icon-opened\"><i class=\"fas fa-minus\"><\/i><\/span>\n\t\t\t\t\t\t\t\t\t\t\t\t\t\t<\/span>\n\t\t\t\t\t\t\t\t\t\t\t\t<a class=\"elementor-accordion-title\" tabindex=\"0\">LISTA LEKTUR DLA SZK\u00d3\u0141 PONADGIMNAZJALNYCH - poziom podstawowy<\/a>\n\t\t\t\t\t<\/div>\n\t\t\t\t\t<div id=\"elementor-tab-content-7071\" class=\"elementor-tab-content elementor-clearfix\" data-tab=\"1\" role=\"region\" aria-labelledby=\"elementor-tab-title-7071\"><p><strong>1. LITERATURA POLSKA<\/strong><\/p><ul><li>Bogurodzica w kontek\u015bcie poezji \u015bredniowiecznej<\/li><li>Jan Kochanowski ? fraszki, pie\u015bni i treny (wyb\u00f3r)<\/li><li>Jan Andrzej Morsztyn ? wyb\u00f3r wierszy<\/li><li>Daniel Naborowski ? wyb\u00f3r wierszy<\/li><\/ul><ul><li>Wac\u0142aw Potocki ? wyb\u00f3r wierszy<\/li><li>Ignacy Krasicki ? bajki, satyry (wyb\u00f3r), Hymn do mi\u0142o\u015bci ojczyzny<\/li><li>Adam Mickiewicz- Romantyczno\u015b\u0107<\/li><li>Adam Mickiewicz- Pan Tadeusz<\/li><li>Adam Mickiewicz- Dziady cz.III<\/li><li>Juliusz S\u0142owacki Kordian: akt I, akt II, akt III, sc. 5 i 6<\/li><li>Zygmunt Krasi\u0144ski Nie Boska komedia: cz\u0119\u015b\u0107 I, cz\u0119\u015b\u0107 III (scena w obozie rewolucji), cz\u0119\u015b\u0107 IV (scena w obozie arystokracji i scena fina\u0142owa)<\/li><li>Adam Mickiewicz- wyb\u00f3r wierszy<\/li><li>Juliusz S\u0142owacki- wyb\u00f3r wierszy<\/li><li>Cyprian Kamil Norwid- wyb\u00f3r wierszy<\/li><li>-Boles\u0142aw Prus- Lalka<\/li><li>Eliza Orzeszkowa- Nad Niemnem- fragmenty z tomu III: rozmowa Andrzejowej Korczy\u0144skiej z synem, rozmowa Benedykta Korczy\u0144skiego z synem<\/li><li>Eliza Orzeszkowa- Gloria victis<\/li><li>Maria Konopnicka- Mendel Gda\u0144ski<\/li><li>Boles\u0142aw Prus- Kamizelka<\/li><li>Henryk Sienkiewicz- Potop<\/li><li>Kazimierz Przerwa-Tetmajer- wyb\u00f3r wierszy<\/li><li>Jan Kasprowicz- wyb\u00f3r wierszy<\/li><li>Leopold Staff- wyb\u00f3r wierszy z r\u00f3\u017cnych epok<\/li><li>Stanis\u0142aw Wyspia\u0144ski- Wesele<\/li><li>W\u0142adys\u0142aw Stanis\u0142aw Reymont- Ch\u0142opi (t. I)<\/li><li>Stefan \u017beromski- Ludzie bezdomni<\/li><li>Stefan \u017beromski- Przedwio\u015bnie<\/li><li>Witold Gombrowicz- Ferdydurke- rozdz. II, III, VI, VII, VIII, IX, X, XII, XIV<\/li><li>Zofia Na\u0142kowska- Granica<\/li><li>Tadeusz Borowski- Po\u017cegnanie z Mari\u0105 (Po\u017cegnanie z Maria, U nas, w Auschwitzu&#8230;, Prosz\u0119 pa\u0144stwa do gazu, Bitwa pod Grunwaldem)<\/li><li>Gustaw Herling- Gruzi\u0144ski- Inny \u015bwiat<\/li><li>Boles\u0142aw Le\u015bmian- wyb\u00f3r wierszy<\/li><li>Julian Tuwim- wyb\u00f3r wierszy<\/li><li>Maria Pawlikowska-Jasnorzewska- wyb\u00f3r wierszy<\/li><li>Czes\u0142aw Mi\u0142osz- wyb\u00f3r wierszy<\/li><li>Krzysztof Kamil Baczy\u0144ski- wyb\u00f3r wierszy<\/li><li>Tadeusz R\u00f3\u017cewicz- wyb\u00f3r wierszy<\/li><li>Zbigniew Herbert- wyb\u00f3r wierszy<\/li><li>Miron Bia\u0142oszewski- wyb\u00f3r wierszy<\/li><li>Wis\u0142awa Szymborska- wyb\u00f3r wierszy<\/li><li>Stanis\u0142aw Bara\u0144czak- wyb\u00f3r wierszy<\/li><li>Jan Twardowski- wyb\u00f3r wierszy<\/li><li>S\u0142awomir Mro\u017cek- Tango<\/li><li>Hanna Krall- Zd\u0105\u017cy\u0107 przed Panem Bogiem<\/li><\/ul><p><strong>Uwaga: wymagana jest tak\u017ce znajomo\u015b\u0107 kontekst\u00f3w biblijnych, antycznych i innych.<\/strong><\/p><p><strong>2. LITERATURA POWSZECHNA<br \/><\/strong><\/p><ul><li>Sofokles- Kr\u00f3l Edyp<\/li><li>Horacy- wyb\u00f3r wierszy<\/li><li>William Szekspir- Makbet<\/li><li>Molier- \u015awi\u0119toszek<\/li><li>Jan Wolfgang Goethe- Cierpienia m\u0142odego Wertera<\/li><li>Fiodor Dostojewski- Zbrodnia i Kara<\/li><li>Joseph Conrad- J\u0105dro Ciemno\u015bci<\/li><li>Albert Camus- D\u017cuma<\/li><\/ul><\/div>\n\t\t\t\t<\/div>\n\t\t\t\t\t\t\t<div class=\"elementor-accordion-item\">\n\t\t\t\t\t<div id=\"elementor-tab-title-7072\" class=\"elementor-tab-title\" data-tab=\"2\" role=\"button\" aria-controls=\"elementor-tab-content-7072\" aria-expanded=\"false\">\n\t\t\t\t\t\t\t\t\t\t\t\t\t<span class=\"elementor-accordion-icon elementor-accordion-icon-right\" aria-hidden=\"true\">\n\t\t\t\t\t\t\t\t\t\t\t\t\t\t\t<span class=\"elementor-accordion-icon-closed\"><i class=\"fas fa-plus\"><\/i><\/span>\n\t\t\t\t\t\t\t\t<span class=\"elementor-accordion-icon-opened\"><i class=\"fas fa-minus\"><\/i><\/span>\n\t\t\t\t\t\t\t\t\t\t\t\t\t\t<\/span>\n\t\t\t\t\t\t\t\t\t\t\t\t<a class=\"elementor-accordion-title\" tabindex=\"0\">LISTA LEKTUR DLA SZK\u00d3\u0141 PONADGIMNAZJALNYCH - poziom rozszerzony<\/a>\n\t\t\t\t\t<\/div>\n\t\t\t\t\t<div id=\"elementor-tab-content-7072\" class=\"elementor-tab-content elementor-clearfix\" data-tab=\"2\" role=\"region\" aria-labelledby=\"elementor-tab-title-7072\"><p><strong>na poziomie rozszerzonym jak na poziomie podstawowym, a ponadto:<br \/><br \/><\/strong><\/p><p><strong>1. LITERATURA POLSKA<\/strong><\/p><ul><li>Jan Kochanowski- Treny<\/li><li>Juliusz S\u0142owacki- Kordian<\/li><li>Witold Gombrowicz- Trans-Atlantyk<\/li><li>Maria Kuncewiczowa- Cudzoziemka<\/li><li>Stanis\u0142aw Ignacy Witkiewicz- Szewcy<\/li><\/ul><p><strong>2. LITERATURA POWSZECHNA<\/strong><\/p><ul><li>Dante- Boska Komedia- fragmenty Piek\u0142a<\/li><li>Jan Wolfgang Goethe- Faust- cz\u0119\u015b\u0107 I: fragmenty sceny w pracowni (rozmy\u015blania Fausta o sobie i swoim \u017cyciu, rozmowa z Mefistofelesem)<\/li><li>Franz Kafka- Proces<\/li><li>Michai\u0142 Bu\u0142hakow- Mistrz i Ma\u0142gorzata<br \/><br \/><strong>Uwaga: tematy na poziomie rozszerzonym b\u0119d\u0105 zobowi\u0105zywa\u0107 do analizy i interpretacji utwor\u00f3w spoza wy\u017cej wymienionych, ale utrzymanych w znanej uczniom poetyce lub konwencji.<\/strong><\/li><\/ul><\/div>\n\t\t\t\t<\/div>\n\t\t\t\t\t\t\t\t<\/div>\n\t\t\t\t\t\t<\/div>\n\t\t\t\t<\/div>\n\t\t\t\t\t<\/div>\n\t\t<\/div>\n\t\t\t\t<div class=\"elementor-column elementor-col-16 elementor-top-column elementor-element elementor-element-501334\" data-id=\"501334\" data-element_type=\"column\" data-e-type=\"column\">\n\t\t\t<div class=\"elementor-widget-wrap\">\n\t\t\t\t\t\t\t<\/div>\n\t\t<\/div>\n\t\t\t\t\t<\/div>\n\t\t<\/section>\n\t\t\t\t<\/div>\n\t\t","protected":false},"excerpt":{"rendered":"<p>Biblioteka szkolna oraz lista lektur dla szko\u0142 ponadgimnazjalnych Zasady korzystania z biblioteki Z biblioteki mog\u0105 korzysta\u0107 wszyscy uczniowie, nauczyciele i inni pracownicy szko\u0142y. Rodzice uczni\u00f3w mog\u0105 korzysta\u0107 z biblioteki na miejscu. Jednorazowo mo\u017cna wypo\u017cyczy\u0107 dwie ksi\u0105\u017cki na okres dw\u00f3ch tygodni. Uczniowie przygotowuj\u0105cy si\u0119 do olimpiad i konkurs\u00f3w oraz wolontariusze biblioteczni maj\u0105 prawo wypo\u017cyczy\u0107 jednorazowo wi\u0119ksz\u0105 &hellip;<\/p>\n<p class=\"read-more\"> <a class=\"\" href=\"https:\/\/liceumlaszczow.eu\/index.php\/biblioteka\/\"> <span class=\"screen-reader-text\">Biblioteka<\/span> Read More &raquo;<\/a><\/p>\n","protected":false},"author":1,"featured_media":0,"parent":0,"menu_order":0,"comment_status":"closed","ping_status":"closed","template":"","meta":{"site-sidebar-layout":"no-sidebar","site-content-layout":"page-builder","ast-main-header-display":"","ast-hfb-above-header-display":"","ast-hfb-below-header-display":"","ast-hfb-mobile-header-display":"","site-post-title":"disabled","ast-breadcrumbs-content":"","ast-featured-img":"disabled","footer-sml-layout":"","theme-transparent-header-meta":"","adv-header-id-meta":"","stick-header-meta":"","header-above-stick-meta":"","header-main-stick-meta":"","header-below-stick-meta":"","footnotes":""},"class_list":["post-35","page","type-page","status-publish","hentry"],"_links":{"self":[{"href":"https:\/\/liceumlaszczow.eu\/index.php\/wp-json\/wp\/v2\/pages\/35","targetHints":{"allow":["GET"]}}],"collection":[{"href":"https:\/\/liceumlaszczow.eu\/index.php\/wp-json\/wp\/v2\/pages"}],"about":[{"href":"https:\/\/liceumlaszczow.eu\/index.php\/wp-json\/wp\/v2\/types\/page"}],"author":[{"embeddable":true,"href":"https:\/\/liceumlaszczow.eu\/index.php\/wp-json\/wp\/v2\/users\/1"}],"replies":[{"embeddable":true,"href":"https:\/\/liceumlaszczow.eu\/index.php\/wp-json\/wp\/v2\/comments?post=35"}],"version-history":[{"count":13,"href":"https:\/\/liceumlaszczow.eu\/index.php\/wp-json\/wp\/v2\/pages\/35\/revisions"}],"predecessor-version":[{"id":774,"href":"https:\/\/liceumlaszczow.eu\/index.php\/wp-json\/wp\/v2\/pages\/35\/revisions\/774"}],"wp:attachment":[{"href":"https:\/\/liceumlaszczow.eu\/index.php\/wp-json\/wp\/v2\/media?parent=35"}],"curies":[{"name":"wp","href":"https:\/\/api.w.org\/{rel}","templated":true}]}}