{"id":38,"date":"2021-03-16T22:15:38","date_gmt":"2021-03-16T21:15:38","guid":{"rendered":"http:\/\/liceumlaszczow.eu\/?page_id=38"},"modified":"2021-12-20T09:06:32","modified_gmt":"2021-12-20T08:06:32","slug":"klub-absolwenta","status":"publish","type":"page","link":"https:\/\/liceumlaszczow.eu\/index.php\/klub-absolwenta\/","title":{"rendered":"Klub Absolwenta"},"content":{"rendered":"\t\t<div data-elementor-type=\"wp-page\" data-elementor-id=\"38\" class=\"elementor elementor-38\">\n\t\t\t\t\t\t<section class=\"elementor-section elementor-top-section elementor-element elementor-element-11a849d5 elementor-section-boxed elementor-section-height-default elementor-section-height-default\" data-id=\"11a849d5\" data-element_type=\"section\" data-e-type=\"section\" data-settings=\"{&quot;background_background&quot;:&quot;classic&quot;}\">\n\t\t\t\t\t\t<div class=\"elementor-container elementor-column-gap-default\">\n\t\t\t\t\t<div class=\"elementor-column elementor-col-16 elementor-top-column elementor-element elementor-element-6e810cff\" data-id=\"6e810cff\" data-element_type=\"column\" data-e-type=\"column\">\n\t\t\t<div class=\"elementor-widget-wrap\">\n\t\t\t\t\t\t\t<\/div>\n\t\t<\/div>\n\t\t\t\t<div class=\"elementor-column elementor-col-66 elementor-top-column elementor-element elementor-element-56c51fc9\" data-id=\"56c51fc9\" data-element_type=\"column\" data-e-type=\"column\">\n\t\t\t<div class=\"elementor-widget-wrap elementor-element-populated\">\n\t\t\t\t\t\t<div class=\"elementor-element elementor-element-6809cdb5 animated-slow elementor-invisible elementor-widget elementor-widget-heading\" data-id=\"6809cdb5\" data-element_type=\"widget\" data-e-type=\"widget\" data-settings=\"{&quot;_animation&quot;:&quot;fadeIn&quot;}\" data-widget_type=\"heading.default\">\n\t\t\t\t<div class=\"elementor-widget-container\">\n\t\t\t\t\t<h1 class=\"elementor-heading-title elementor-size-default\">Klub absolwenta<\/h1>\t\t\t\t<\/div>\n\t\t\t\t<\/div>\n\t\t\t\t<div class=\"elementor-element elementor-element-7e13dd0 elementor-widget-divider--view-line elementor-widget elementor-widget-divider\" data-id=\"7e13dd0\" data-element_type=\"widget\" data-e-type=\"widget\" data-widget_type=\"divider.default\">\n\t\t\t\t<div class=\"elementor-widget-container\">\n\t\t\t\t\t\t\t<div class=\"elementor-divider\">\n\t\t\t<span class=\"elementor-divider-separator\">\n\t\t\t\t\t\t<\/span>\n\t\t<\/div>\n\t\t\t\t\t\t<\/div>\n\t\t\t\t<\/div>\n\t\t\t\t<div class=\"elementor-element elementor-element-fbf64d0 elementor-widget elementor-widget-heading\" data-id=\"fbf64d0\" data-element_type=\"widget\" data-e-type=\"widget\" data-widget_type=\"heading.default\">\n\t\t\t\t<div class=\"elementor-widget-container\">\n\t\t\t\t\t<h2 class=\"elementor-heading-title elementor-size-default\">\u201eKlub Absolwenta Liceum Og\u00f3lnokszta\u0142c\u0105cego im. Stanis\u0142awa Kostki Starowieyskiego w \u0141aszczowie\u201d<\/h2>\t\t\t\t<\/div>\n\t\t\t\t<\/div>\n\t\t\t\t<div class=\"elementor-element elementor-element-78a9378 elementor-widget elementor-widget-text-editor\" data-id=\"78a9378\" data-element_type=\"widget\" data-e-type=\"widget\" data-widget_type=\"text-editor.default\">\n\t\t\t\t<div class=\"elementor-widget-container\">\n\t\t\t\t\t\t\t\t\t<p>Z przyjemno\u015bci\u0105 zawiadamiamy, \u017ce od grudnia 2020 r. przy naszej szkole rozpocz\u0105\u0142 dzia\u0142alno\u015b\u0107 KLUB ABSOLWENTA.<br \/>Inicjatorem powo\u0142ania Klubu byli nauczyciele, uczniowie, a tak\u017ce absolwenci naszej szko\u0142y, kt\u00f3rzy cz\u0119sto wracaj\u0105, odwiedzaj\u0105, wspominaj\u0105 \u201estare, dobre czasy\u201d.<br \/>G\u0142\u00f3wnym celem dzia\u0142alno\u015bci Klubu jest integracja szeroko poj\u0119tej spo\u0142eczno\u015bci szkolnej, od\u015bwie\u017cenie kontakt\u00f3w kole\u017ce\u0144skich, organizacja uroczysto\u015bci z udzia\u0142em absolwent\u00f3w.<br \/>W czerwcu 2023 r. planowany jest Zjazd Absolwent\u00f3w z okazji 25 \u2013 lecia powstania Liceum Og\u00f3lnokszta\u0142c\u0105cego w \u0141aszczowie.<\/p><p>\u00a0<\/p><p>Zach\u0119camy Absolwent\u00f3w do do\u0142\u0105czenia do Klubu <a href=\"https:\/\/docs.google.com\/forms\/d\/e\/1FAIpQLSd8jY2bit_BE9rlBt-oLqBlYooEtWzVCrjJuRjIPkF7zGmOaA\/viewform\">https:\/\/docs.google.com\/forms\/d\/e\/1FAIpQLSd8jY2bit_BE9rlBt-oLqBlYooEtWzVCrjJuRjIPkF7zGmOaA\/viewform<\/a><\/p>\t\t\t\t\t\t\t\t<\/div>\n\t\t\t\t<\/div>\n\t\t\t\t<div class=\"elementor-element elementor-element-6854f71 elementor-widget elementor-widget-spacer\" data-id=\"6854f71\" data-element_type=\"widget\" data-e-type=\"widget\" data-widget_type=\"spacer.default\">\n\t\t\t\t<div class=\"elementor-widget-container\">\n\t\t\t\t\t\t\t<div class=\"elementor-spacer\">\n\t\t\t<div class=\"elementor-spacer-inner\"><\/div>\n\t\t<\/div>\n\t\t\t\t\t\t<\/div>\n\t\t\t\t<\/div>\n\t\t\t\t<section class=\"elementor-section elementor-inner-section elementor-element elementor-element-906efc3 elementor-section-boxed elementor-section-height-default elementor-section-height-default\" data-id=\"906efc3\" data-element_type=\"section\" data-e-type=\"section\">\n\t\t\t\t\t\t<div class=\"elementor-container elementor-column-gap-default\">\n\t\t\t\t\t<div class=\"elementor-column elementor-col-50 elementor-inner-column elementor-element elementor-element-3454c7b\" data-id=\"3454c7b\" data-element_type=\"column\" data-e-type=\"column\">\n\t\t\t<div class=\"elementor-widget-wrap elementor-element-populated\">\n\t\t\t\t\t\t<div class=\"elementor-element elementor-element-82b7c27 elementor-widget elementor-widget-heading\" data-id=\"82b7c27\" data-element_type=\"widget\" data-e-type=\"widget\" data-widget_type=\"heading.default\">\n\t\t\t\t<div class=\"elementor-widget-container\">\n\t\t\t\t\t<h2 class=\"elementor-heading-title elementor-size-default\">Pismo zawiadamiaj\u0105ce<br>o powo\u0142aniu Klubu Absolwenta.<\/h2>\t\t\t\t<\/div>\n\t\t\t\t<\/div>\n\t\t\t\t\t<\/div>\n\t\t<\/div>\n\t\t\t\t<div class=\"elementor-column elementor-col-50 elementor-inner-column elementor-element elementor-element-a0dca60\" data-id=\"a0dca60\" data-element_type=\"column\" data-e-type=\"column\">\n\t\t\t<div class=\"elementor-widget-wrap elementor-element-populated\">\n\t\t\t\t\t\t<div class=\"elementor-element elementor-element-7df50c9 elementor-widget elementor-widget-button\" data-id=\"7df50c9\" data-element_type=\"widget\" data-e-type=\"widget\" data-widget_type=\"button.default\">\n\t\t\t\t<div class=\"elementor-widget-container\">\n\t\t\t\t\t\t\t\t\t<div class=\"elementor-button-wrapper\">\n\t\t\t\t\t<a class=\"elementor-button elementor-button-link elementor-size-sm\" href=\"http:\/\/liceumlaszczow.eu\/wp-content\/uploads\/2021\/04\/pismo-Klub-Absolwenta-wlasciwe.pdf\" target=\"_blank\" download=\"\">\n\t\t\t\t\t\t<span class=\"elementor-button-content-wrapper\">\n\t\t\t\t\t\t\t\t\t<span class=\"elementor-button-text\">Zobacz wi\u0119cej<\/span>\n\t\t\t\t\t<\/span>\n\t\t\t\t\t<\/a>\n\t\t\t\t<\/div>\n\t\t\t\t\t\t\t\t<\/div>\n\t\t\t\t<\/div>\n\t\t\t\t\t<\/div>\n\t\t<\/div>\n\t\t\t\t\t<\/div>\n\t\t<\/section>\n\t\t\t\t<div class=\"elementor-element elementor-element-f9d8cb4 elementor-widget elementor-widget-text-editor\" data-id=\"f9d8cb4\" data-element_type=\"widget\" data-e-type=\"widget\" data-widget_type=\"text-editor.default\">\n\t\t\t\t<div class=\"elementor-widget-container\">\n\t\t\t\t\t\t\t\t\t\u017beby do\u0142\u0105czy\u0107 do klub prosimy o zapoznania si\u0119 z regulaminem oraz wype\u0142ni\u0107 formularz<br>\n<strong><a href=\"https:\/\/docs.google.com\/forms\/d\/e\/1FAIpQLSd8jY2bit_BE9rlBt-oLqBlYooEtWzVCrjJuRjIPkF7zGmOaA\/viewform?gxids=7628\" target=\"_blank\" rel=\"noopener\">Do\u0142\u0105cz do nas!<\/a>\t\t\t\t\t\t\t\t<\/div>\n\t\t\t\t<\/div>\n\t\t\t\t<div class=\"elementor-element elementor-element-de8012f elementor-widget elementor-widget-spacer\" data-id=\"de8012f\" data-element_type=\"widget\" data-e-type=\"widget\" data-widget_type=\"spacer.default\">\n\t\t\t\t<div class=\"elementor-widget-container\">\n\t\t\t\t\t\t\t<div class=\"elementor-spacer\">\n\t\t\t<div class=\"elementor-spacer-inner\"><\/div>\n\t\t<\/div>\n\t\t\t\t\t\t<\/div>\n\t\t\t\t<\/div>\n\t\t\t\t<div class=\"elementor-element elementor-element-41b1fc7a elementor-widget elementor-widget-accordion\" data-id=\"41b1fc7a\" data-element_type=\"widget\" data-e-type=\"widget\" data-widget_type=\"accordion.default\">\n\t\t\t\t<div class=\"elementor-widget-container\">\n\t\t\t\t\t\t\t<div class=\"elementor-accordion\">\n\t\t\t\t\t\t\t<div class=\"elementor-accordion-item\">\n\t\t\t\t\t<div id=\"elementor-tab-title-1101\" class=\"elementor-tab-title\" data-tab=\"1\" role=\"button\" aria-controls=\"elementor-tab-content-1101\" aria-expanded=\"false\">\n\t\t\t\t\t\t\t\t\t\t\t\t\t<span class=\"elementor-accordion-icon elementor-accordion-icon-right\" aria-hidden=\"true\">\n\t\t\t\t\t\t\t\t\t\t\t\t\t\t\t<span class=\"elementor-accordion-icon-closed\"><i class=\"fas fa-plus\"><\/i><\/span>\n\t\t\t\t\t\t\t\t<span class=\"elementor-accordion-icon-opened\"><i class=\"fas fa-minus\"><\/i><\/span>\n\t\t\t\t\t\t\t\t\t\t\t\t\t\t<\/span>\n\t\t\t\t\t\t\t\t\t\t\t\t<a class=\"elementor-accordion-title\" tabindex=\"0\">Regulamin Klubu Absolwenta Liceum Og\u00f3lnokszta\u0142c\u0105cego im. Stanis\u0142awa Kostki Starowieyskiego <br>w \u0141aszczowie<\/a>\n\t\t\t\t\t<\/div>\n\t\t\t\t\t<div id=\"elementor-tab-content-1101\" class=\"elementor-tab-content elementor-clearfix\" data-tab=\"1\" role=\"region\" aria-labelledby=\"elementor-tab-title-1101\"><p style=\"margin-bottom: 0cm;\" align=\"CENTER\"><b style=\"font-size: medium; font-family: 'Times New Roman', serif; font-style: inherit; text-align: left;\">\u00a7 1<\/b><\/p><p style=\"margin-bottom: 0cm;\" align=\"CENTER\"><span style=\"font-family: Times New Roman, serif;\"><span style=\"font-size: medium;\"><b>Zasady og\u00f3lne<\/b><\/span><\/span><\/p><p style=\"margin-bottom: 0cm;\" align=\"JUSTIFY\"><span style=\"font-family: Times New Roman, serif;\"><span style=\"font-size: medium;\">Regulamin Klubu Absolwenta Liceum Og\u00f3lnokszta\u0142c\u0105cego im. Stanis\u0142awa Kostki Starowieyskiego w \u0141aszczowie, zwany dalej \u201eRegulaminem\u201d, okre\u015bla podstawowe zasady funkcjonowania Klubu Absolwenta Liceum Og\u00f3lnokszta\u0142c\u0105cego im. Stanis\u0142awa Kostki Starowieyskiego w \u0141aszczowie, zwanego dalej, \u201eKlubem Absolwenta\u201d<\/span><\/span><\/p><p style=\"margin-bottom: 0cm;\" align=\"JUSTIFY\">\u00a0<\/p><p style=\"margin-bottom: 0cm;\" align=\"CENTER\"><span style=\"font-family: Times New Roman, serif;\"><span style=\"font-size: medium;\"><b>\u00a7 2<\/b><\/span><\/span><\/p><p style=\"margin-bottom: 0cm;\" align=\"CENTER\"><span style=\"font-family: Times New Roman, serif;\"><span style=\"font-size: medium;\"><b>Misja<\/b><\/span><\/span><\/p><p style=\"margin-bottom: 0cm;\" align=\"JUSTIFY\"><span style=\"font-family: Times New Roman, serif;\"><span style=\"font-size: medium;\">Misj\u0105 Klubu Absolwenta jest integrowanie \u015brodowiska absolwent\u00f3w Liceum Og\u00f3lnokszta\u0142c\u0105cego im. Stanis\u0142awa Kostki Starowieyskiego w \u0141aszczowie<\/span><\/span><\/p><p style=\"margin-bottom: 0cm;\" align=\"JUSTIFY\">\u00a0<\/p><p style=\"margin-bottom: 0cm;\" align=\"CENTER\"><span style=\"font-family: Times New Roman, serif;\"><span style=\"font-size: medium;\"><b>\u00a7 3<\/b><\/span><\/span><\/p><p style=\"margin-bottom: 0cm;\" align=\"CENTER\"><span style=\"font-family: Times New Roman, serif;\"><span style=\"font-size: medium;\"><b>Cele<\/b><\/span><\/span><\/p><p style=\"margin-bottom: 0cm; line-height: 115%;\" align=\"JUSTIFY\"><span style=\"font-family: Times New Roman, serif;\"><span style=\"font-size: medium;\">Klub Absolwenta realizuje swoja misj\u0119 realizuj\u0105c nast\u0119puj\u0105ce cele: <\/span><\/span><\/p><ol><li><p style=\"margin-bottom: 0cm; line-height: 115%;\" align=\"JUSTIFY\"><span style=\"font-family: Times New Roman, serif;\"><span style=\"font-size: medium;\">Tworzenie i piel\u0119gnowanie wi\u0119zi pomi\u0119dzy szko\u0142\u0105 i jej absolwentami. <\/span><\/span><\/p><\/li><li><p style=\"margin-bottom: 0cm; line-height: 115%;\" align=\"JUSTIFY\"><span style=\"font-family: Times New Roman, serif;\"><span style=\"font-size: medium;\">Organizacj\u0119 spotka\u0144 integracyjnych.<\/span><\/span><\/p><\/li><li><p style=\"margin-bottom: 0cm; line-height: 115%;\" align=\"JUSTIFY\"><span style=\"font-family: Times New Roman, serif;\"><span style=\"font-size: medium;\">Promowanie wizerunku absolwent\u00f3w w kr\u0119gach pracodawc\u00f3w <\/span><\/span><\/p><\/li><li><p style=\"margin-bottom: 0cm; line-height: 115%;\" align=\"JUSTIFY\"><span style=\"font-family: Times New Roman, serif;\"><span style=\"font-size: medium;\">Badanie zawodowych los\u00f3w absolwent\u00f3w.<\/span><\/span><\/p><\/li><li><p style=\"margin-bottom: 0cm; line-height: 115%;\" align=\"JUSTIFY\"><span style=\"font-family: Times New Roman, serif;\"><span style=\"font-size: medium;\">Promowanie szko\u0142y w swoim \u015brodowisku <\/span><\/span><\/p><\/li><\/ol><p style=\"margin-bottom: 0cm; line-height: 100%;\" align=\"JUSTIFY\">\u00a0<\/p><p style=\"margin-bottom: 0cm; line-height: 100%;\" align=\"CENTER\"><span style=\"font-family: Times New Roman, serif;\"><span style=\"font-size: medium;\"><b>\u00a7 4<\/b><\/span><\/span><\/p><p style=\"margin-bottom: 0cm; line-height: 100%;\" align=\"CENTER\"><span style=\"font-family: Times New Roman, serif;\"><span style=\"font-size: medium;\"><b>Cz\u0142onkostwo<\/b><\/span><\/span><\/p><ol><li><p style=\"margin-bottom: 0cm; line-height: 100%;\" align=\"JUSTIFY\"><span style=\"font-family: Times New Roman, serif;\"><span style=\"font-size: medium;\">Cz\u0142onkiem Klubu Absolwenta, mo\u017ce ka\u017cda osoba, kt\u00f3ra uko\u0144czy\u0142a edukacj\u0119 w Liceum Og\u00f3lnokszta\u0142c\u0105cym w \u0141aszczowie, niezale\u017cnie od typu szko\u0142y i nazwy, kt\u00f3r\u0105 plac\u00f3wka si\u0119 w\u00f3wczas pos\u0142ugiwa\u0142a<\/span><\/span><\/p><\/li><li><p style=\"margin-bottom: 0cm; line-height: 100%;\" align=\"JUSTIFY\"><span style=\"font-family: Times New Roman, serif;\"><span style=\"font-size: medium;\">Cz\u0142onkostwo w Klubie Absolwenta ma charakter dobrowolny i jawny i jest nadawane na podstawie z\u0142o\u017cenia deklaracji cz\u0142onkowskiej formie pisemnej lub elektronicznej<\/span><\/span><\/p><\/li><li><p style=\"margin-bottom: 0cm; line-height: 100%;\" align=\"JUSTIFY\"><span style=\"font-family: Times New Roman, serif;\"><span style=\"font-size: medium;\">W ka\u017cdej chwili cz\u0142onek Klubu Absolwenta mo\u017ce z\u0142o\u017cy\u0107 rezygnacj\u0119 z cz\u0142onkostwa w formie pisemnej lub elektronicznej<\/span><\/span><\/p><\/li><li><p style=\"margin-bottom: 0cm; line-height: 100%;\" align=\"JUSTIFY\"><span style=\"font-family: Times New Roman, serif;\"><span style=\"font-size: medium;\">Cz\u0142onkostwo mo\u017cna utraci\u0107, w wyniku postepowania niezgodnego z niniejszym regulaminem <\/span><\/span><\/p><\/li><li><p style=\"margin-bottom: 0cm; line-height: 100%;\" align=\"JUSTIFY\"><span style=\"font-family: Times New Roman, serif;\"><span style=\"font-size: medium;\">O utracie cz\u0142onkostwa decyduje prezydium Klubu Absolwenta w porozumieniu z pe\u0142nomocnikiem rady pedagogicznej Liceum Og\u00f3lnokszta\u0142c\u0105cego w \u0141aszczowie <\/span><\/span><\/p><\/li><\/ol><p style=\"margin-bottom: 0cm; line-height: 100%;\" align=\"CENTER\"><span style=\"font-family: Times New Roman, serif;\"><span style=\"font-size: medium;\"><b>\u00a7 5<\/b><\/span><\/span><\/p><p style=\"margin-bottom: 0cm; line-height: 100%;\" align=\"CENTER\"><span style=\"font-family: Times New Roman, serif;\"><span style=\"font-size: medium;\"><b>Struktura organizacyjna<\/b><\/span><\/span><\/p><ol><li><p style=\"margin-bottom: 0cm; line-height: 100%;\" align=\"JUSTIFY\"><span style=\"font-family: Times New Roman, serif;\"><span style=\"font-size: medium;\">Og\u00f3\u0142 cz\u0142onk\u00f3w tworzy Klub Absolwenta<\/span><\/span><\/p><\/li><li><p style=\"margin-bottom: 0cm; line-height: 100%;\" align=\"JUSTIFY\"><span style=\"font-family: Times New Roman, serif;\"><span style=\"font-size: medium;\">Wszystkie decyzje Klubu Absolwenta, podejmowane s\u0105 zwyk\u0142a wi\u0119kszo\u015bci\u0105 g\u0142os\u00f3w<\/span><\/span><\/p><\/li><li><p style=\"margin-bottom: 0cm; line-height: 100%;\" align=\"JUSTIFY\"><span style=\"font-family: Times New Roman, serif;\"><span style=\"font-size: medium;\">Prezydium Ko\u0142a Absolwent\u00f3w, dalej \u201ePrezydium\u201d, tworzy przewodnicz\u0105cy, jego zast\u0119pca oraz sekretarz, kt\u00f3rzy powo\u0142ywani s\u0105 na 3 letnia kadencj\u0119 przez Klub Absolwenta w g\u0142osowaniu jawnym <\/span><\/span><\/p><\/li><li><p style=\"margin-bottom: 0cm; line-height: 100%;\" align=\"JUSTIFY\"><span style=\"font-family: Times New Roman, serif;\"><span style=\"font-size: medium;\">Klub Absolwenta mo\u017ce zadecydowa\u0107 o powo\u0142aniu dodatkowych funkcji<\/span><\/span><\/p><\/li><li><p style=\"margin-bottom: 0cm; line-height: 100%;\" align=\"JUSTIFY\"><span style=\"font-family: Times New Roman, serif;\"><span style=\"font-size: medium;\">Rada Pedagogiczna Liceum Og\u00f3lnokszta\u0142c\u0105cego, powo\u0142uje ze swego grona opiekuna Klubu Absolwenta, <\/span><\/span><\/p><\/li><li><p style=\"margin-bottom: 0cm; line-height: 100%;\" align=\"JUSTIFY\"><span style=\"font-family: Times New Roman, serif;\"><span style=\"font-size: medium;\">Nadz\u00f3r merytoryczny nad dzia\u0142alno\u015bci\u0105 Klubu Absolwenta sprawuje Dyrektor Liceum Og\u00f3lnokszta\u0142c\u0105cego w \u0141aszczowie, kt\u00f3ry zatwierdza wszystkie postanowienia Prezydium <\/span><\/span><\/p><\/li><\/ol><p style=\"margin-bottom: 0cm; line-height: 100%;\" align=\"CENTER\">\u00a0<\/p><p style=\"margin-bottom: 0cm; line-height: 100%;\" align=\"CENTER\"><span style=\"font-family: Times New Roman, serif;\"><span style=\"font-size: medium;\"><b>\u00a7 6<\/b><\/span><\/span><\/p><p style=\"margin-bottom: 0cm; line-height: 100%;\" align=\"CENTER\"><span style=\"font-family: Times New Roman, serif;\"><span style=\"font-size: medium;\"><b>Formy dzia\u0142ania<\/b><\/span><\/span><\/p><ol><li><p style=\"margin-bottom: 0cm; line-height: 100%;\" align=\"JUSTIFY\"><span style=\"font-family: Times New Roman, serif;\"><span style=\"font-size: medium;\">Dyrektor Liceum Og\u00f3lnokszta\u0142c\u0105cego w \u0141aszczowie, zwo\u0142uje pierwsze spotkanie Klubu Absolwenta, podczas kt\u00f3rego dokonuje si\u0119 wyb\u00f3r cz\u0142onk\u00f3w Prezydium<\/span><\/span><\/p><\/li><li><p style=\"margin-bottom: 0cm; line-height: 100%;\" align=\"JUSTIFY\"><span style=\"font-family: Times New Roman, serif;\"><span style=\"font-size: medium;\">Klub Absolwenta obraduje w cyklicznych spotkaniach, kt\u00f3re zwo\u0142ywane s\u0105 przynajmniej raz w roku szkolnym.<\/span><\/span><\/p><\/li><li><p style=\"margin-bottom: 0cm; line-height: 100%;\" align=\"JUSTIFY\"><span style=\"font-family: Times New Roman, serif;\"><span style=\"font-size: medium;\">Spotkanie mo\u017ce odbywa\u0107 si\u0119 w formie tradycyjnej w siedzibie szko\u0142y, online, b\u0105d\u017a w formie hybrydowej. <\/span><\/span><\/p><\/li><li><p style=\"margin-bottom: 0cm; line-height: 100%;\" align=\"JUSTIFY\"><span style=\"font-family: Times New Roman, serif;\"><span style=\"font-size: medium;\">Decyzj\u0119 o formie spotkania Klubu Absolwenta podejmuje Prezydium, w porozumieniu z opiekunem Klubu Absolwenta<\/span><\/span><\/p><\/li><li><p style=\"margin-bottom: 0cm; line-height: 100%;\" align=\"JUSTIFY\"><span style=\"font-family: Times New Roman, serif;\"><span style=\"font-size: medium;\">Decyzje prezydium podejmowane s\u0105 zwyk\u0142\u0105 wi\u0119kszo\u015bci\u0105 g\u0142os\u00f3w. W przypadku r\u00f3wnej liczby g\u0142os\u00f3w ostateczna decyzja nale\u017cy do przewodnicz\u0105cego<\/span><\/span><\/p><\/li><\/ol><p style=\"margin-bottom: 0cm; line-height: 100%;\" align=\"CENTER\">\u00a0<\/p><p style=\"margin-bottom: 0cm; line-height: 100%;\" align=\"CENTER\"><span style=\"font-family: Times New Roman, serif;\"><span style=\"font-size: medium;\"><b>\u00a7 7<\/b><\/span><\/span><\/p><p style=\"margin-bottom: 0cm; line-height: 100%;\" align=\"CENTER\"><span style=\"font-family: Times New Roman, serif;\"><span style=\"font-size: medium;\"><b>Postanowienia ko\u0144cowe<\/b><\/span><\/span><\/p><ol><li><p style=\"margin-bottom: 0cm; line-height: 100%;\" align=\"JUSTIFY\"><span style=\"font-family: Times New Roman, serif;\"><span style=\"font-size: medium;\">Niniejszy regulamin wchodzi w \u017cycia z dniem powo\u0142ania Ko\u0142a Absolwenta przez Rad\u0119 Pedagogiczn\u0105 Liceum Og\u00f3lnokszta\u0142c\u0105cego w \u0141aszczowie.<\/span><\/span><\/p><\/li><li><p style=\"margin-bottom: 0cm; line-height: 100%;\" align=\"JUSTIFY\"><span style=\"font-family: Times New Roman, serif;\"><span style=\"font-size: medium;\">Wszelkie zmiany w regulaminie wymagaj\u0105 akceptacji w formie uchwa\u0142y Rady Pedagogicznej Liceum Og\u00f3lnokszta\u0142c\u0105cego w \u0141aszczowie.<\/span><\/span><\/p><\/li><\/ol><p style=\"margin-bottom: 0cm; line-height: 100%;\" align=\"CENTER\">\u00a0<\/p><p style=\"margin-bottom: 0cm; line-height: 100%;\" align=\"JUSTIFY\">\u00a0<\/p><p style=\"margin-bottom: 0cm; line-height: 100%;\" align=\"CENTER\">\u00a0<\/p><p style=\"margin-bottom: 0cm;\" align=\"JUSTIFY\">\u00a0<\/p><p style=\"margin-bottom: 0cm;\" align=\"CENTER\">\u00a0<\/p><p>\u00a0<\/p><p style=\"margin-bottom: 0cm;\" align=\"CENTER\">\u00a0<\/p><\/div>\n\t\t\t\t<\/div>\n\t\t\t\t\t\t\t\t<\/div>\n\t\t\t\t\t\t<\/div>\n\t\t\t\t<\/div>\n\t\t\t\t\t<\/div>\n\t\t<\/div>\n\t\t\t\t<div class=\"elementor-column elementor-col-16 elementor-top-column elementor-element elementor-element-5960f8a5\" data-id=\"5960f8a5\" data-element_type=\"column\" data-e-type=\"column\">\n\t\t\t<div class=\"elementor-widget-wrap\">\n\t\t\t\t\t\t\t<\/div>\n\t\t<\/div>\n\t\t\t\t\t<\/div>\n\t\t<\/section>\n\t\t\t\t<section class=\"elementor-section elementor-top-section elementor-element elementor-element-1d1a4c17 elementor-section-boxed elementor-section-height-default elementor-section-height-default\" data-id=\"1d1a4c17\" data-element_type=\"section\" data-e-type=\"section\" data-settings=\"{&quot;background_background&quot;:&quot;classic&quot;}\">\n\t\t\t\t\t\t\t<div class=\"elementor-background-overlay\"><\/div>\n\t\t\t\t\t\t\t<div class=\"elementor-container elementor-column-gap-wider\">\n\t\t\t\t\t<div class=\"elementor-column elementor-col-100 elementor-top-column elementor-element elementor-element-79bb7a0c elementor-invisible\" data-id=\"79bb7a0c\" data-element_type=\"column\" data-e-type=\"column\" data-settings=\"{&quot;background_background&quot;:&quot;classic&quot;,&quot;animation&quot;:&quot;fadeIn&quot;}\">\n\t\t\t<div class=\"elementor-widget-wrap elementor-element-populated\">\n\t\t\t\t\t\t<div class=\"elementor-element elementor-element-b4e384d elementor-invisible elementor-widget elementor-widget-heading\" data-id=\"b4e384d\" data-element_type=\"widget\" data-e-type=\"widget\" data-settings=\"{&quot;_animation_delay&quot;:70,&quot;_animation&quot;:&quot;fadeIn&quot;}\" data-widget_type=\"heading.default\">\n\t\t\t\t<div class=\"elementor-widget-container\">\n\t\t\t\t\t<h2 class=\"elementor-heading-title elementor-size-default\">W sprawie Klubu Absolwenta<\/h2>\t\t\t\t<\/div>\n\t\t\t\t<\/div>\n\t\t\t\t<div class=\"elementor-element elementor-element-f417d82 elementor-widget elementor-widget-text-editor\" data-id=\"f417d82\" data-element_type=\"widget\" data-e-type=\"widget\" data-widget_type=\"text-editor.default\">\n\t\t\t\t<div class=\"elementor-widget-container\">\n\t\t\t\t\t\t\t\t\tprosimy o kontakt\nz sekretariatem szko\u0142y lub bezpo\u015brednio z\nopiekunem Pani\u0105 Katarzyn\u0105 Warmi\u0144sk\u0105.\t\t\t\t\t\t\t\t<\/div>\n\t\t\t\t<\/div>\n\t\t\t\t\t<\/div>\n\t\t<\/div>\n\t\t\t\t\t<\/div>\n\t\t<\/section>\n\t\t\t\t<\/div>\n\t\t","protected":false},"excerpt":{"rendered":"<p>Klub absolwenta \u201eKlub Absolwenta Liceum Og\u00f3lnokszta\u0142c\u0105cego im. Stanis\u0142awa Kostki Starowieyskiego w \u0141aszczowie\u201d Z przyjemno\u015bci\u0105 zawiadamiamy, \u017ce od grudnia 2020 r. przy naszej szkole rozpocz\u0105\u0142 dzia\u0142alno\u015b\u0107 KLUB ABSOLWENTA.Inicjatorem powo\u0142ania Klubu byli nauczyciele, uczniowie, a tak\u017ce absolwenci naszej szko\u0142y, kt\u00f3rzy cz\u0119sto wracaj\u0105, odwiedzaj\u0105, wspominaj\u0105 \u201estare, dobre czasy\u201d.G\u0142\u00f3wnym celem dzia\u0142alno\u015bci Klubu jest integracja szeroko poj\u0119tej spo\u0142eczno\u015bci szkolnej, od\u015bwie\u017cenie &hellip;<\/p>\n<p class=\"read-more\"> <a class=\"\" href=\"https:\/\/liceumlaszczow.eu\/index.php\/klub-absolwenta\/\"> <span class=\"screen-reader-text\">Klub Absolwenta<\/span> Read More &raquo;<\/a><\/p>\n","protected":false},"author":1,"featured_media":0,"parent":0,"menu_order":0,"comment_status":"closed","ping_status":"closed","template":"","meta":{"site-sidebar-layout":"no-sidebar","site-content-layout":"page-builder","ast-main-header-display":"","ast-hfb-above-header-display":"","ast-hfb-below-header-display":"","ast-hfb-mobile-header-display":"","site-post-title":"disabled","ast-breadcrumbs-content":"","ast-featured-img":"disabled","footer-sml-layout":"","theme-transparent-header-meta":"","adv-header-id-meta":"","stick-header-meta":"","header-above-stick-meta":"","header-main-stick-meta":"","header-below-stick-meta":"","footnotes":""},"class_list":["post-38","page","type-page","status-publish","hentry"],"_links":{"self":[{"href":"https:\/\/liceumlaszczow.eu\/index.php\/wp-json\/wp\/v2\/pages\/38","targetHints":{"allow":["GET"]}}],"collection":[{"href":"https:\/\/liceumlaszczow.eu\/index.php\/wp-json\/wp\/v2\/pages"}],"about":[{"href":"https:\/\/liceumlaszczow.eu\/index.php\/wp-json\/wp\/v2\/types\/page"}],"author":[{"embeddable":true,"href":"https:\/\/liceumlaszczow.eu\/index.php\/wp-json\/wp\/v2\/users\/1"}],"replies":[{"embeddable":true,"href":"https:\/\/liceumlaszczow.eu\/index.php\/wp-json\/wp\/v2\/comments?post=38"}],"version-history":[{"count":22,"href":"https:\/\/liceumlaszczow.eu\/index.php\/wp-json\/wp\/v2\/pages\/38\/revisions"}],"predecessor-version":[{"id":836,"href":"https:\/\/liceumlaszczow.eu\/index.php\/wp-json\/wp\/v2\/pages\/38\/revisions\/836"}],"wp:attachment":[{"href":"https:\/\/liceumlaszczow.eu\/index.php\/wp-json\/wp\/v2\/media?parent=38"}],"curies":[{"name":"wp","href":"https:\/\/api.w.org\/{rel}","templated":true}]}}