{"id":43,"date":"2021-03-16T22:15:38","date_gmt":"2021-03-16T21:15:38","guid":{"rendered":"http:\/\/liceumlaszczow.eu\/?page_id=43"},"modified":"2024-05-07T22:02:39","modified_gmt":"2024-05-07T20:02:39","slug":"sluzby-mundurowe","status":"publish","type":"page","link":"https:\/\/liceumlaszczow.eu\/index.php\/sluzby-mundurowe\/","title":{"rendered":"S\u0142u\u017cby mundurowe"},"content":{"rendered":"\t\t<div data-elementor-type=\"wp-page\" data-elementor-id=\"43\" class=\"elementor elementor-43\">\n\t\t\t\t\t\t<section class=\"elementor-section elementor-top-section elementor-element elementor-element-08223ff elementor-section-boxed elementor-section-height-default elementor-section-height-default\" data-id=\"08223ff\" data-element_type=\"section\" data-e-type=\"section\">\n\t\t\t\t\t\t<div class=\"elementor-container elementor-column-gap-default\">\n\t\t\t\t\t<div class=\"elementor-column elementor-col-50 elementor-top-column elementor-element elementor-element-f06f3e2\" data-id=\"f06f3e2\" data-element_type=\"column\" data-e-type=\"column\">\n\t\t\t<div class=\"elementor-widget-wrap elementor-element-populated\">\n\t\t\t\t\t\t<div class=\"elementor-element elementor-element-43fe4e6 elementor-widget elementor-widget-image\" data-id=\"43fe4e6\" data-element_type=\"widget\" data-e-type=\"widget\" data-widget_type=\"image.default\">\n\t\t\t\t<div class=\"elementor-widget-container\">\n\t\t\t\t\t\t\t\t\t\t\t\t\t\t\t\t<a href=\"https:\/\/www.wojsko-polskie.pl\/19bot\/\" target=\"_blank\">\n\t\t\t\t\t\t\t<img fetchpriority=\"high\" decoding=\"async\" width=\"300\" height=\"300\" src=\"https:\/\/liceumlaszczow.eu\/wp-content\/uploads\/2024\/05\/19nbot_2000x2000-300x300.png\" class=\"attachment-medium size-medium wp-image-2222\" alt=\"\" srcset=\"https:\/\/liceumlaszczow.eu\/wp-content\/uploads\/2024\/05\/19nbot_2000x2000-300x300.png 300w, https:\/\/liceumlaszczow.eu\/wp-content\/uploads\/2024\/05\/19nbot_2000x2000-1024x1024.png 1024w, https:\/\/liceumlaszczow.eu\/wp-content\/uploads\/2024\/05\/19nbot_2000x2000-150x150.png 150w, https:\/\/liceumlaszczow.eu\/wp-content\/uploads\/2024\/05\/19nbot_2000x2000-768x768.png 768w, https:\/\/liceumlaszczow.eu\/wp-content\/uploads\/2024\/05\/19nbot_2000x2000-1536x1536.png 1536w, https:\/\/liceumlaszczow.eu\/wp-content\/uploads\/2024\/05\/19nbot_2000x2000.png 2000w\" sizes=\"(max-width: 300px) 100vw, 300px\" \/>\t\t\t\t\t\t\t\t<\/a>\n\t\t\t\t\t\t\t\t\t\t\t\t\t\t\t<\/div>\n\t\t\t\t<\/div>\n\t\t\t\t\t<\/div>\n\t\t<\/div>\n\t\t\t\t<div class=\"elementor-column elementor-col-50 elementor-top-column elementor-element elementor-element-ce2fac6\" data-id=\"ce2fac6\" data-element_type=\"column\" data-e-type=\"column\">\n\t\t\t<div class=\"elementor-widget-wrap elementor-element-populated\">\n\t\t\t\t\t\t<div class=\"elementor-element elementor-element-34d6d9e elementor-widget elementor-widget-heading\" data-id=\"34d6d9e\" data-element_type=\"widget\" data-e-type=\"widget\" data-widget_type=\"heading.default\">\n\t\t\t\t<div class=\"elementor-widget-container\">\n\t\t\t\t\t<h2 class=\"elementor-heading-title elementor-size-default\"><a href=\"https:\/\/www.wojsko-polskie.pl\/2bot\/\" target=\"_blank\">19 Nadbu\u017ca\u0144ska Brygada Obrony Terytorialnej<\/a><\/h2>\t\t\t\t<\/div>\n\t\t\t\t<\/div>\n\t\t\t\t\t<\/div>\n\t\t<\/div>\n\t\t\t\t\t<\/div>\n\t\t<\/section>\n\t\t\t\t<section class=\"elementor-section elementor-top-section elementor-element elementor-element-28e826d elementor-section-boxed elementor-section-height-default elementor-section-height-default\" data-id=\"28e826d\" data-element_type=\"section\" data-e-type=\"section\">\n\t\t\t\t\t\t<div class=\"elementor-container elementor-column-gap-default\">\n\t\t\t\t\t<div class=\"elementor-column elementor-col-50 elementor-top-column elementor-element elementor-element-438da61\" data-id=\"438da61\" data-element_type=\"column\" data-e-type=\"column\">\n\t\t\t<div class=\"elementor-widget-wrap elementor-element-populated\">\n\t\t\t\t\t\t<div class=\"elementor-element elementor-element-a5e9f38 elementor-widget elementor-widget-image\" data-id=\"a5e9f38\" data-element_type=\"widget\" data-e-type=\"widget\" data-widget_type=\"image.default\">\n\t\t\t\t<div class=\"elementor-widget-container\">\n\t\t\t\t\t\t\t\t\t\t\t\t\t\t\t\t<a href=\"https:\/\/2pr.wp.mil.pl\/\" target=\"_blank\">\n\t\t\t\t\t\t\t<img decoding=\"async\" width=\"267\" height=\"300\" src=\"https:\/\/liceumlaszczow.eu\/wp-content\/uploads\/2021\/12\/2HRUB-267x300.jpg\" class=\"attachment-medium size-medium wp-image-968\" alt=\"\" srcset=\"https:\/\/liceumlaszczow.eu\/wp-content\/uploads\/2021\/12\/2HRUB-267x300.jpg 267w, https:\/\/liceumlaszczow.eu\/wp-content\/uploads\/2021\/12\/2HRUB.jpg 470w\" sizes=\"(max-width: 267px) 100vw, 267px\" \/>\t\t\t\t\t\t\t\t<\/a>\n\t\t\t\t\t\t\t\t\t\t\t\t\t\t\t<\/div>\n\t\t\t\t<\/div>\n\t\t\t\t\t<\/div>\n\t\t<\/div>\n\t\t\t\t<div class=\"elementor-column elementor-col-50 elementor-top-column elementor-element elementor-element-b816c3a\" data-id=\"b816c3a\" data-element_type=\"column\" data-e-type=\"column\">\n\t\t\t<div class=\"elementor-widget-wrap elementor-element-populated\">\n\t\t\t\t\t\t<div class=\"elementor-element elementor-element-f5eb409 elementor-widget elementor-widget-heading\" data-id=\"f5eb409\" data-element_type=\"widget\" data-e-type=\"widget\" data-widget_type=\"heading.default\">\n\t\t\t\t<div class=\"elementor-widget-container\">\n\t\t\t\t\t<h2 class=\"elementor-heading-title elementor-size-default\"><a href=\"https:\/\/2pr.wp.mil.pl\/pl\/\" target=\"_blank\">2 Hrubieszowski Pu\u0142k Rozpoznawczy<\/a><\/h2>\t\t\t\t<\/div>\n\t\t\t\t<\/div>\n\t\t\t\t\t<\/div>\n\t\t<\/div>\n\t\t\t\t\t<\/div>\n\t\t<\/section>\n\t\t\t\t<section class=\"elementor-section elementor-top-section elementor-element elementor-element-ce1d1c3 elementor-section-boxed elementor-section-height-default elementor-section-height-default\" data-id=\"ce1d1c3\" data-element_type=\"section\" data-e-type=\"section\">\n\t\t\t\t\t\t<div class=\"elementor-container elementor-column-gap-default\">\n\t\t\t\t\t<div class=\"elementor-column elementor-col-50 elementor-top-column elementor-element elementor-element-fb0698e\" data-id=\"fb0698e\" data-element_type=\"column\" data-e-type=\"column\">\n\t\t\t<div class=\"elementor-widget-wrap elementor-element-populated\">\n\t\t\t\t\t\t<div class=\"elementor-element elementor-element-fd1348a elementor-widget elementor-widget-image\" data-id=\"fd1348a\" data-element_type=\"widget\" data-e-type=\"widget\" data-widget_type=\"image.default\">\n\t\t\t\t<div class=\"elementor-widget-container\">\n\t\t\t\t\t\t\t\t\t\t\t\t\t\t\t\t<a href=\"https:\/\/www.nadbuzanski.strazgraniczna.pl\/\" target=\"_blank\">\n\t\t\t\t\t\t\t<img decoding=\"async\" width=\"200\" height=\"242\" src=\"https:\/\/liceumlaszczow.eu\/wp-content\/uploads\/2021\/12\/SG-Nadbuzanski.jpg\" class=\"attachment-medium size-medium wp-image-970\" alt=\"\" \/>\t\t\t\t\t\t\t\t<\/a>\n\t\t\t\t\t\t\t\t\t\t\t\t\t\t\t<\/div>\n\t\t\t\t<\/div>\n\t\t\t\t\t<\/div>\n\t\t<\/div>\n\t\t\t\t<div class=\"elementor-column elementor-col-50 elementor-top-column elementor-element elementor-element-61ba16a\" data-id=\"61ba16a\" data-element_type=\"column\" data-e-type=\"column\">\n\t\t\t<div class=\"elementor-widget-wrap elementor-element-populated\">\n\t\t\t\t\t\t<div class=\"elementor-element elementor-element-a7e519a elementor-widget elementor-widget-heading\" data-id=\"a7e519a\" data-element_type=\"widget\" data-e-type=\"widget\" data-widget_type=\"heading.default\">\n\t\t\t\t<div class=\"elementor-widget-container\">\n\t\t\t\t\t<h2 class=\"elementor-heading-title elementor-size-default\"><a href=\"https:\/\/www.nadbuzanski.strazgraniczna.pl\/\" target=\"_blank\">Nadbu\u017ca\u0144ski Oddzia\u0142 Stra\u017cy Granicznej w Che\u0142mie<\/a><\/h2>\t\t\t\t<\/div>\n\t\t\t\t<\/div>\n\t\t\t\t\t<\/div>\n\t\t<\/div>\n\t\t\t\t\t<\/div>\n\t\t<\/section>\n\t\t\t\t<section class=\"elementor-section elementor-top-section elementor-element elementor-element-f6eb188 elementor-section-boxed elementor-section-height-default elementor-section-height-default\" data-id=\"f6eb188\" data-element_type=\"section\" data-e-type=\"section\">\n\t\t\t\t\t\t<div class=\"elementor-container elementor-column-gap-default\">\n\t\t\t\t\t<div class=\"elementor-column elementor-col-50 elementor-top-column elementor-element elementor-element-8b30557\" data-id=\"8b30557\" data-element_type=\"column\" data-e-type=\"column\">\n\t\t\t<div class=\"elementor-widget-wrap elementor-element-populated\">\n\t\t\t\t\t\t<div class=\"elementor-element elementor-element-2da3fd1 elementor-widget elementor-widget-image\" data-id=\"2da3fd1\" data-element_type=\"widget\" data-e-type=\"widget\" data-widget_type=\"image.default\">\n\t\t\t\t<div class=\"elementor-widget-container\">\n\t\t\t\t\t\t\t\t\t\t\t\t\t\t\t<img loading=\"lazy\" decoding=\"async\" width=\"300\" height=\"300\" src=\"https:\/\/liceumlaszczow.eu\/wp-content\/uploads\/2021\/12\/logo-ASzWoj-Godlo-300x300.jpg\" class=\"attachment-medium size-medium wp-image-969\" alt=\"\" srcset=\"https:\/\/liceumlaszczow.eu\/wp-content\/uploads\/2021\/12\/logo-ASzWoj-Godlo-300x300.jpg 300w, https:\/\/liceumlaszczow.eu\/wp-content\/uploads\/2021\/12\/logo-ASzWoj-Godlo-150x150.jpg 150w, https:\/\/liceumlaszczow.eu\/wp-content\/uploads\/2021\/12\/logo-ASzWoj-Godlo.jpg 650w\" sizes=\"(max-width: 300px) 100vw, 300px\" \/>\t\t\t\t\t\t\t\t\t\t\t\t\t\t\t<\/div>\n\t\t\t\t<\/div>\n\t\t\t\t\t<\/div>\n\t\t<\/div>\n\t\t\t\t<div class=\"elementor-column elementor-col-50 elementor-top-column elementor-element elementor-element-4632947\" data-id=\"4632947\" data-element_type=\"column\" data-e-type=\"column\">\n\t\t\t<div class=\"elementor-widget-wrap elementor-element-populated\">\n\t\t\t\t\t\t<div class=\"elementor-element elementor-element-d334768 elementor-widget elementor-widget-heading\" data-id=\"d334768\" data-element_type=\"widget\" data-e-type=\"widget\" data-widget_type=\"heading.default\">\n\t\t\t\t<div class=\"elementor-widget-container\">\n\t\t\t\t\t<h2 class=\"elementor-heading-title elementor-size-default\"><a href=\"https:\/\/www.wojsko-polskie.pl\/aszwoj\/\" target=\"_blank\">Akademia Sztuki Wojennej<\/a><\/h2>\t\t\t\t<\/div>\n\t\t\t\t<\/div>\n\t\t\t\t\t<\/div>\n\t\t<\/div>\n\t\t\t\t\t<\/div>\n\t\t<\/section>\n\t\t\t\t<section class=\"elementor-section elementor-top-section elementor-element elementor-element-b19f9bf elementor-section-boxed elementor-section-height-default elementor-section-height-default\" data-id=\"b19f9bf\" data-element_type=\"section\" data-e-type=\"section\">\n\t\t\t\t\t\t<div class=\"elementor-container elementor-column-gap-default\">\n\t\t\t\t\t<div class=\"elementor-column elementor-col-50 elementor-top-column elementor-element elementor-element-98d7ffa\" data-id=\"98d7ffa\" data-element_type=\"column\" data-e-type=\"column\">\n\t\t\t<div class=\"elementor-widget-wrap elementor-element-populated\">\n\t\t\t\t\t\t<div class=\"elementor-element elementor-element-f978db7 elementor-widget elementor-widget-image\" data-id=\"f978db7\" data-element_type=\"widget\" data-e-type=\"widget\" data-widget_type=\"image.default\">\n\t\t\t\t<div class=\"elementor-widget-container\">\n\t\t\t\t\t\t\t\t\t\t\t\t\t\t\t\t<a href=\"https:\/\/tomaszow-lubelski.policja.gov.pl\/\" target=\"_blank\">\n\t\t\t\t\t\t\t<img loading=\"lazy\" decoding=\"async\" width=\"300\" height=\"285\" src=\"https:\/\/liceumlaszczow.eu\/wp-content\/uploads\/2021\/12\/Policja-300x285.jpg\" class=\"attachment-medium size-medium wp-image-971\" alt=\"\" srcset=\"https:\/\/liceumlaszczow.eu\/wp-content\/uploads\/2021\/12\/Policja-300x285.jpg 300w, https:\/\/liceumlaszczow.eu\/wp-content\/uploads\/2021\/12\/Policja.jpg 702w\" sizes=\"(max-width: 300px) 100vw, 300px\" \/>\t\t\t\t\t\t\t\t<\/a>\n\t\t\t\t\t\t\t\t\t\t\t\t\t\t\t<\/div>\n\t\t\t\t<\/div>\n\t\t\t\t\t<\/div>\n\t\t<\/div>\n\t\t\t\t<div class=\"elementor-column elementor-col-50 elementor-top-column elementor-element elementor-element-4802b6c\" data-id=\"4802b6c\" data-element_type=\"column\" data-e-type=\"column\">\n\t\t\t<div class=\"elementor-widget-wrap elementor-element-populated\">\n\t\t\t\t\t\t<div class=\"elementor-element elementor-element-4f36435 elementor-widget elementor-widget-heading\" data-id=\"4f36435\" data-element_type=\"widget\" data-e-type=\"widget\" data-widget_type=\"heading.default\">\n\t\t\t\t<div class=\"elementor-widget-container\">\n\t\t\t\t\t<h2 class=\"elementor-heading-title elementor-size-default\"><a href=\"https:\/\/tomaszow-lubelski.policja.gov.pl\/\" target=\"_blank\">Komenda Powiatowa Policji w Tomaszowie Lubelskim<\/a><\/h2>\t\t\t\t<\/div>\n\t\t\t\t<\/div>\n\t\t\t\t\t<\/div>\n\t\t<\/div>\n\t\t\t\t\t<\/div>\n\t\t<\/section>\n\t\t\t\t<section class=\"elementor-section elementor-top-section elementor-element elementor-element-a8ede77 elementor-section-boxed elementor-section-height-default elementor-section-height-default\" data-id=\"a8ede77\" data-element_type=\"section\" data-e-type=\"section\">\n\t\t\t\t\t\t<div class=\"elementor-container elementor-column-gap-default\">\n\t\t\t\t\t<div class=\"elementor-column elementor-col-50 elementor-top-column elementor-element elementor-element-bdcf029\" data-id=\"bdcf029\" data-element_type=\"column\" data-e-type=\"column\">\n\t\t\t<div class=\"elementor-widget-wrap elementor-element-populated\">\n\t\t\t\t\t\t<div class=\"elementor-element elementor-element-a19d3b1 elementor-widget elementor-widget-image\" data-id=\"a19d3b1\" data-element_type=\"widget\" data-e-type=\"widget\" data-widget_type=\"image.default\">\n\t\t\t\t<div class=\"elementor-widget-container\">\n\t\t\t\t\t\t\t\t\t\t\t\t\t\t\t\t<a href=\"https:\/\/wcrzamosc.wp.mil.pl\/pozostae-2017-01-16-v\/projekty\/klasy-wojskowe\/odzialy-przygotowania-wojskowego\/\" target=\"_blank\">\n\t\t\t\t\t\t\t<img loading=\"lazy\" decoding=\"async\" width=\"215\" height=\"215\" src=\"https:\/\/liceumlaszczow.eu\/wp-content\/uploads\/2024\/05\/logo_wcr_bez_tla.max-215x215.max-215x215-1.png\" class=\"attachment-large size-large wp-image-2220\" alt=\"\" srcset=\"https:\/\/liceumlaszczow.eu\/wp-content\/uploads\/2024\/05\/logo_wcr_bez_tla.max-215x215.max-215x215-1.png 215w, https:\/\/liceumlaszczow.eu\/wp-content\/uploads\/2024\/05\/logo_wcr_bez_tla.max-215x215.max-215x215-1-150x150.png 150w\" sizes=\"(max-width: 215px) 100vw, 215px\" \/>\t\t\t\t\t\t\t\t<\/a>\n\t\t\t\t\t\t\t\t\t\t\t\t\t\t\t<\/div>\n\t\t\t\t<\/div>\n\t\t\t\t\t<\/div>\n\t\t<\/div>\n\t\t\t\t<div class=\"elementor-column elementor-col-50 elementor-top-column elementor-element elementor-element-8a626d3\" data-id=\"8a626d3\" data-element_type=\"column\" data-e-type=\"column\">\n\t\t\t<div class=\"elementor-widget-wrap elementor-element-populated\">\n\t\t\t\t\t\t<div class=\"elementor-element elementor-element-3370637 elementor-widget elementor-widget-heading\" data-id=\"3370637\" data-element_type=\"widget\" data-e-type=\"widget\" data-widget_type=\"heading.default\">\n\t\t\t\t<div class=\"elementor-widget-container\">\n\t\t\t\t\t<h2 class=\"elementor-heading-title elementor-size-default\"><a href=\"https:\/\/wkuzamosc.wp.mil.pl\/pl\/\" target=\"_blank\">Wojskowe Centrum Rekrutacji w Zamo\u015bciu<\/a><\/h2>\t\t\t\t<\/div>\n\t\t\t\t<\/div>\n\t\t\t\t\t<\/div>\n\t\t<\/div>\n\t\t\t\t\t<\/div>\n\t\t<\/section>\n\t\t\t\t<\/div>\n\t\t","protected":false},"excerpt":{"rendered":"<p>19 Nadbu\u017ca\u0144ska Brygada Obrony Terytorialnej 2 Hrubieszowski Pu\u0142k Rozpoznawczy Nadbu\u017ca\u0144ski Oddzia\u0142 Stra\u017cy Granicznej w Che\u0142mie Akademia Sztuki Wojennej Komenda Powiatowa Policji w Tomaszowie Lubelskim Wojskowe Centrum Rekrutacji w Zamo\u015bciu<\/p>\n","protected":false},"author":1,"featured_media":0,"parent":0,"menu_order":0,"comment_status":"closed","ping_status":"closed","template":"","meta":{"site-sidebar-layout":"no-sidebar","site-content-layout":"page-builder","ast-main-header-display":"","ast-hfb-above-header-display":"","ast-hfb-below-header-display":"","ast-hfb-mobile-header-display":"","site-post-title":"disabled","ast-breadcrumbs-content":"","ast-featured-img":"disabled","footer-sml-layout":"","theme-transparent-header-meta":"","adv-header-id-meta":"","stick-header-meta":"","header-above-stick-meta":"","header-main-stick-meta":"","header-below-stick-meta":"","footnotes":""},"class_list":["post-43","page","type-page","status-publish","hentry"],"_links":{"self":[{"href":"https:\/\/liceumlaszczow.eu\/index.php\/wp-json\/wp\/v2\/pages\/43","targetHints":{"allow":["GET"]}}],"collection":[{"href":"https:\/\/liceumlaszczow.eu\/index.php\/wp-json\/wp\/v2\/pages"}],"about":[{"href":"https:\/\/liceumlaszczow.eu\/index.php\/wp-json\/wp\/v2\/types\/page"}],"author":[{"embeddable":true,"href":"https:\/\/liceumlaszczow.eu\/index.php\/wp-json\/wp\/v2\/users\/1"}],"replies":[{"embeddable":true,"href":"https:\/\/liceumlaszczow.eu\/index.php\/wp-json\/wp\/v2\/comments?post=43"}],"version-history":[{"count":16,"href":"https:\/\/liceumlaszczow.eu\/index.php\/wp-json\/wp\/v2\/pages\/43\/revisions"}],"predecessor-version":[{"id":2225,"href":"https:\/\/liceumlaszczow.eu\/index.php\/wp-json\/wp\/v2\/pages\/43\/revisions\/2225"}],"wp:attachment":[{"href":"https:\/\/liceumlaszczow.eu\/index.php\/wp-json\/wp\/v2\/media?parent=43"}],"curies":[{"name":"wp","href":"https:\/\/api.w.org\/{rel}","templated":true}]}}