{"id":459,"date":"2021-04-08T08:23:07","date_gmt":"2021-04-08T06:23:07","guid":{"rendered":"https:\/\/liceumlaszczow.eu\/?page_id=459"},"modified":"2026-04-19T20:31:14","modified_gmt":"2026-04-19T18:31:14","slug":"stypendia","status":"publish","type":"page","link":"https:\/\/liceumlaszczow.eu\/index.php\/stypendia\/","title":{"rendered":"Stypendia"},"content":{"rendered":"\t\t<div data-elementor-type=\"wp-page\" data-elementor-id=\"459\" class=\"elementor elementor-459\">\n\t\t\t\t\t\t<section class=\"elementor-section elementor-top-section elementor-element elementor-element-88c2d4 elementor-section-boxed elementor-section-height-default elementor-section-height-default\" data-id=\"88c2d4\" data-element_type=\"section\" data-e-type=\"section\" data-settings=\"{&quot;background_background&quot;:&quot;classic&quot;}\">\n\t\t\t\t\t\t<div class=\"elementor-container elementor-column-gap-default\">\n\t\t\t\t\t<div class=\"elementor-column elementor-col-16 elementor-top-column elementor-element elementor-element-3395125b\" data-id=\"3395125b\" data-element_type=\"column\" data-e-type=\"column\">\n\t\t\t<div class=\"elementor-widget-wrap\">\n\t\t\t\t\t\t\t<\/div>\n\t\t<\/div>\n\t\t\t\t<div class=\"elementor-column elementor-col-66 elementor-top-column elementor-element elementor-element-4c61d8a\" data-id=\"4c61d8a\" data-element_type=\"column\" data-e-type=\"column\">\n\t\t\t<div class=\"elementor-widget-wrap elementor-element-populated\">\n\t\t\t\t\t\t<div class=\"elementor-element elementor-element-19098c87 animated-slow elementor-invisible elementor-widget elementor-widget-heading\" data-id=\"19098c87\" data-element_type=\"widget\" data-e-type=\"widget\" data-settings=\"{&quot;_animation&quot;:&quot;fadeIn&quot;}\" data-widget_type=\"heading.default\">\n\t\t\t\t<div class=\"elementor-widget-container\">\n\t\t\t\t\t<h1 class=\"elementor-heading-title elementor-size-default\">Stypendia<\/h1>\t\t\t\t<\/div>\n\t\t\t\t<\/div>\n\t\t\t\t<section class=\"elementor-section elementor-inner-section elementor-element elementor-element-a0ecdd3 elementor-section-boxed elementor-section-height-default elementor-section-height-default\" data-id=\"a0ecdd3\" data-element_type=\"section\" data-e-type=\"section\">\n\t\t\t\t\t\t<div class=\"elementor-container elementor-column-gap-default\">\n\t\t\t\t\t<div class=\"elementor-column elementor-col-50 elementor-inner-column elementor-element elementor-element-2ee3897\" data-id=\"2ee3897\" data-element_type=\"column\" data-e-type=\"column\">\n\t\t\t<div class=\"elementor-widget-wrap elementor-element-populated\">\n\t\t\t\t\t\t<div class=\"elementor-element elementor-element-2cca65b elementor-widget elementor-widget-heading\" data-id=\"2cca65b\" data-element_type=\"widget\" data-e-type=\"widget\" data-widget_type=\"heading.default\">\n\t\t\t\t<div class=\"elementor-widget-container\">\n\t\t\t\t\t<h4 class=\"elementor-heading-title elementor-size-default\">Wniosek stypendium - od 01.09.2025<\/h4>\t\t\t\t<\/div>\n\t\t\t\t<\/div>\n\t\t\t\t\t<\/div>\n\t\t<\/div>\n\t\t\t\t<div class=\"elementor-column elementor-col-50 elementor-inner-column elementor-element elementor-element-4390b27\" data-id=\"4390b27\" data-element_type=\"column\" data-e-type=\"column\">\n\t\t\t<div class=\"elementor-widget-wrap elementor-element-populated\">\n\t\t\t\t\t\t<div class=\"elementor-element elementor-element-1f30e3d elementor-widget__width-initial elementor-widget elementor-widget-button\" data-id=\"1f30e3d\" data-element_type=\"widget\" data-e-type=\"widget\" data-widget_type=\"button.default\">\n\t\t\t\t<div class=\"elementor-widget-container\">\n\t\t\t\t\t\t\t\t\t<div class=\"elementor-button-wrapper\">\n\t\t\t\t\t<a class=\"elementor-button elementor-button-link elementor-size-sm\" href=\"https:\/\/drive.google.com\/file\/d\/14xTVSg8jJI7UtRPfZ-wh5kw6DyAVsfoL\/view\" target=\"_blank\">\n\t\t\t\t\t\t<span class=\"elementor-button-content-wrapper\">\n\t\t\t\t\t\t\t\t\t<span class=\"elementor-button-text\">pobierz wniosek<\/span>\n\t\t\t\t\t<\/span>\n\t\t\t\t\t<\/a>\n\t\t\t\t<\/div>\n\t\t\t\t\t\t\t\t<\/div>\n\t\t\t\t<\/div>\n\t\t\t\t\t<\/div>\n\t\t<\/div>\n\t\t\t\t\t<\/div>\n\t\t<\/section>\n\t\t\t\t<section class=\"elementor-section elementor-inner-section elementor-element elementor-element-1b9d81a elementor-section-boxed elementor-section-height-default elementor-section-height-default\" data-id=\"1b9d81a\" data-element_type=\"section\" data-e-type=\"section\">\n\t\t\t\t\t\t<div class=\"elementor-container elementor-column-gap-default\">\n\t\t\t\t\t<div class=\"elementor-column elementor-col-50 elementor-inner-column elementor-element elementor-element-62d8821\" data-id=\"62d8821\" data-element_type=\"column\" data-e-type=\"column\">\n\t\t\t<div class=\"elementor-widget-wrap elementor-element-populated\">\n\t\t\t\t\t\t<div class=\"elementor-element elementor-element-2ee1138 elementor-widget__width-initial elementor-widget elementor-widget-heading\" data-id=\"2ee1138\" data-element_type=\"widget\" data-e-type=\"widget\" data-widget_type=\"heading.default\">\n\t\t\t\t<div class=\"elementor-widget-container\">\n\t\t\t\t\t<h4 class=\"elementor-heading-title elementor-size-default\">Regulamin przyznawania stypendium motywacyjnego - aktualny <\/h4>\t\t\t\t<\/div>\n\t\t\t\t<\/div>\n\t\t\t\t\t<\/div>\n\t\t<\/div>\n\t\t\t\t<div class=\"elementor-column elementor-col-50 elementor-inner-column elementor-element elementor-element-d16acda\" data-id=\"d16acda\" data-element_type=\"column\" data-e-type=\"column\">\n\t\t\t<div class=\"elementor-widget-wrap elementor-element-populated\">\n\t\t\t\t\t\t<div class=\"elementor-element elementor-element-24ce886 elementor-widget__width-initial elementor-widget elementor-widget-button\" data-id=\"24ce886\" data-element_type=\"widget\" data-e-type=\"widget\" data-widget_type=\"button.default\">\n\t\t\t\t<div class=\"elementor-widget-container\">\n\t\t\t\t\t\t\t\t\t<div class=\"elementor-button-wrapper\">\n\t\t\t\t\t<a class=\"elementor-button elementor-button-link elementor-size-sm\" href=\"https:\/\/drive.google.com\/file\/d\/1Cw0E9o2mnti2onSYrGkIbwoQx7kqKSAn\/view\">\n\t\t\t\t\t\t<span class=\"elementor-button-content-wrapper\">\n\t\t\t\t\t\t\t\t\t<span class=\"elementor-button-text\">Pobierz regulamin<\/span>\n\t\t\t\t\t<\/span>\n\t\t\t\t\t<\/a>\n\t\t\t\t<\/div>\n\t\t\t\t\t\t\t\t<\/div>\n\t\t\t\t<\/div>\n\t\t\t\t\t<\/div>\n\t\t<\/div>\n\t\t\t\t\t<\/div>\n\t\t<\/section>\n\t\t\t\t<section class=\"elementor-section elementor-inner-section elementor-element elementor-element-7c1d103 elementor-section-boxed elementor-section-height-default elementor-section-height-default\" data-id=\"7c1d103\" data-element_type=\"section\" data-e-type=\"section\">\n\t\t\t\t\t\t<div class=\"elementor-container elementor-column-gap-default\">\n\t\t\t\t\t<div class=\"elementor-column elementor-col-50 elementor-inner-column elementor-element elementor-element-dfddd98\" data-id=\"dfddd98\" data-element_type=\"column\" data-e-type=\"column\">\n\t\t\t<div class=\"elementor-widget-wrap elementor-element-populated\">\n\t\t\t\t\t\t<div class=\"elementor-element elementor-element-5ccab78 elementor-widget elementor-widget-heading\" data-id=\"5ccab78\" data-element_type=\"widget\" data-e-type=\"widget\" data-widget_type=\"heading.default\">\n\t\t\t\t<div class=\"elementor-widget-container\">\n\t\t\t\t\t<h4 class=\"elementor-heading-title elementor-size-default\">Wniosek stypendium - od 01.02.2023<\/h4>\t\t\t\t<\/div>\n\t\t\t\t<\/div>\n\t\t\t\t\t<\/div>\n\t\t<\/div>\n\t\t\t\t<div class=\"elementor-column elementor-col-50 elementor-inner-column elementor-element elementor-element-6dff5d9\" data-id=\"6dff5d9\" data-element_type=\"column\" data-e-type=\"column\">\n\t\t\t<div class=\"elementor-widget-wrap elementor-element-populated\">\n\t\t\t\t\t\t<div class=\"elementor-element elementor-element-e137d19 elementor-widget__width-initial elementor-widget elementor-widget-button\" data-id=\"e137d19\" data-element_type=\"widget\" data-e-type=\"widget\" data-widget_type=\"button.default\">\n\t\t\t\t<div class=\"elementor-widget-container\">\n\t\t\t\t\t\t\t\t\t<div class=\"elementor-button-wrapper\">\n\t\t\t\t\t<a class=\"elementor-button elementor-button-link elementor-size-sm\" href=\"http:\/\/liceumlaszczow.eu\/wp-content\/uploads\/2023\/02\/wniosek-stypendialny.pdf\" target=\"_blank\">\n\t\t\t\t\t\t<span class=\"elementor-button-content-wrapper\">\n\t\t\t\t\t\t\t\t\t<span class=\"elementor-button-text\">pobierz wniosek<\/span>\n\t\t\t\t\t<\/span>\n\t\t\t\t\t<\/a>\n\t\t\t\t<\/div>\n\t\t\t\t\t\t\t\t<\/div>\n\t\t\t\t<\/div>\n\t\t\t\t\t<\/div>\n\t\t<\/div>\n\t\t\t\t\t<\/div>\n\t\t<\/section>\n\t\t\t\t<section class=\"elementor-section elementor-inner-section elementor-element elementor-element-6c745f1 elementor-section-boxed elementor-section-height-default elementor-section-height-default\" data-id=\"6c745f1\" data-element_type=\"section\" data-e-type=\"section\">\n\t\t\t\t\t\t<div class=\"elementor-container elementor-column-gap-default\">\n\t\t\t\t\t<div class=\"elementor-column elementor-col-50 elementor-inner-column elementor-element elementor-element-a3cb08e\" data-id=\"a3cb08e\" data-element_type=\"column\" data-e-type=\"column\">\n\t\t\t<div class=\"elementor-widget-wrap elementor-element-populated\">\n\t\t\t\t\t\t<div class=\"elementor-element elementor-element-8767a86 elementor-widget elementor-widget-heading\" data-id=\"8767a86\" data-element_type=\"widget\" data-e-type=\"widget\" data-widget_type=\"heading.default\">\n\t\t\t\t<div class=\"elementor-widget-container\">\n\t\t\t\t\t<h4 class=\"elementor-heading-title elementor-size-default\">Regulamin przyznawania stypendium motywacyjnego<\/h4>\t\t\t\t<\/div>\n\t\t\t\t<\/div>\n\t\t\t\t\t<\/div>\n\t\t<\/div>\n\t\t\t\t<div class=\"elementor-column elementor-col-50 elementor-inner-column elementor-element elementor-element-c1b4c59\" data-id=\"c1b4c59\" data-element_type=\"column\" data-e-type=\"column\">\n\t\t\t<div class=\"elementor-widget-wrap elementor-element-populated\">\n\t\t\t\t\t\t<div class=\"elementor-element elementor-element-dd4fe3d elementor-widget elementor-widget-button\" data-id=\"dd4fe3d\" data-element_type=\"widget\" data-e-type=\"widget\" data-widget_type=\"button.default\">\n\t\t\t\t<div class=\"elementor-widget-container\">\n\t\t\t\t\t\t\t\t\t<div class=\"elementor-button-wrapper\">\n\t\t\t\t\t<a class=\"elementor-button elementor-button-link elementor-size-sm\" href=\"http:\/\/liceumlaszczow.eu\/wp-content\/uploads\/2023\/02\/Regulamin-przyznawania-stypendium-motywacyjnego-dla-uczniow-1.pdf\" target=\"_blank\">\n\t\t\t\t\t\t<span class=\"elementor-button-content-wrapper\">\n\t\t\t\t\t\t\t\t\t<span class=\"elementor-button-text\">Pobierz regulamin<\/span>\n\t\t\t\t\t<\/span>\n\t\t\t\t\t<\/a>\n\t\t\t\t<\/div>\n\t\t\t\t\t\t\t\t<\/div>\n\t\t\t\t<\/div>\n\t\t\t\t\t<\/div>\n\t\t<\/div>\n\t\t\t\t\t<\/div>\n\t\t<\/section>\n\t\t\t\t<div class=\"elementor-element elementor-element-514629da elementor-invisible elementor-widget elementor-widget-text-editor\" data-id=\"514629da\" data-element_type=\"widget\" data-e-type=\"widget\" data-settings=\"{&quot;_animation&quot;:&quot;fadeIn&quot;}\" data-widget_type=\"text-editor.default\">\n\t\t\t\t<div class=\"elementor-widget-container\">\n\t\t\t\t\t\t\t\t\t<p>W naszej szkole utworzyli\u015bmy program stypendialny, w ramach kt\u00f3rego uczniowie mog\u0105 otrzyma\u0107 \u015brodki finansowe w dw\u00f3ch kategoriach:<\/p><ol><li>Za wyniki w nauce.<\/li><li>Za dzia\u0142ania spo\u0142eczne.<\/li><\/ol><p>Szczeg\u00f3\u0142owe informacje znajduj\u0105 si\u0119 poni\u017cej.\u00a0<\/p><p><a href=\"http:\/\/liceumlaszczow.eu\/wp-content\/uploads\/2021\/12\/wniosek-o-stypendium-.doc\" target=\"_blank\" rel=\"noopener\">&#8211; Wniosek o stypendium<\/a><br \/>&#8211; <a href=\"http:\/\/liceumlaszczow.eu\/wp-content\/uploads\/2021\/12\/stypendium-umowa-wzor-7.10.2021-200-zlotych.doc\" target=\"_blank\" rel=\"noopener\">Stypendium umowa wz\u00f3r 7.10.2021 <\/a>200 z\u0142otych<br \/>&#8211; <a href=\"http:\/\/liceumlaszczow.eu\/wp-content\/uploads\/2021\/12\/stypendium-umowa-wzor-7.10.2021-200-zlotych-250-PLN.doc\" target=\"_blank\" rel=\"noopener\">stypendium umowa wz\u00f3r 7.10.2021<\/a> 200 z\u0142otych + 250 PLN<br \/>&#8211; <a href=\"http:\/\/liceumlaszczow.eu\/wp-content\/uploads\/2021\/12\/stypendium-umowa-wzor-7.10.2021-100-zlotych.doc\" target=\"_blank\" rel=\"noopener\">stypendium umowa wz\u00f3r 7.10.2021<\/a> 100 z\u0142otych<br \/>&#8211;\u00a0<a href=\"http:\/\/liceumlaszczow.eu\/wp-content\/uploads\/2021\/12\/REGULAMIN-Stypendium-wiosna-2021.doc\" target=\"_blank\" rel=\"noopener\">REGULAMIN Stypendium wiosna 2021<\/a><\/p>\t\t\t\t\t\t\t\t<\/div>\n\t\t\t\t<\/div>\n\t\t\t\t<div class=\"elementor-element elementor-element-1596de5b elementor-widget elementor-widget-accordion\" data-id=\"1596de5b\" data-element_type=\"widget\" data-e-type=\"widget\" data-widget_type=\"accordion.default\">\n\t\t\t\t<div class=\"elementor-widget-container\">\n\t\t\t\t\t\t\t<div class=\"elementor-accordion\">\n\t\t\t\t\t\t\t<div class=\"elementor-accordion-item\">\n\t\t\t\t\t<div id=\"elementor-tab-title-3621\" class=\"elementor-tab-title\" data-tab=\"1\" role=\"button\" aria-controls=\"elementor-tab-content-3621\" aria-expanded=\"false\">\n\t\t\t\t\t\t\t\t\t\t\t\t\t<span class=\"elementor-accordion-icon elementor-accordion-icon-right\" aria-hidden=\"true\">\n\t\t\t\t\t\t\t\t\t\t\t\t\t\t\t<span class=\"elementor-accordion-icon-closed\"><i class=\"fas fa-plus\"><\/i><\/span>\n\t\t\t\t\t\t\t\t<span class=\"elementor-accordion-icon-opened\"><i class=\"fas fa-minus\"><\/i><\/span>\n\t\t\t\t\t\t\t\t\t\t\t\t\t\t<\/span>\n\t\t\t\t\t\t\t\t\t\t\t\t<a class=\"elementor-accordion-title\" tabindex=\"0\">STYPENDIA UCZNI\u00d3W LICEUM OG\u00d3LNOKSZTA\u0141C\u0104CEGO im. STANIS\u0141AWA KOSTKI STAROWIEYSKIEGO w \u0141ASZCZOWIE ROK SZKOLNY 2019\/2020<\/a>\n\t\t\t\t\t<\/div>\n\t\t\t\t\t<div id=\"elementor-tab-content-3621\" class=\"elementor-tab-content elementor-clearfix\" data-tab=\"1\" role=\"region\" aria-labelledby=\"elementor-tab-title-3621\"><h3><strong>Wykaz stypendyst\u00f3w<\/strong><strong> <br><\/strong><strong>I semestr roku szkolnego 2019\/2020<\/strong><\/h3>\n<p>1. Teterycz \u0141ukasz<br>2. Nazarczuk Klaudia<br>3. Kisiel Paulina<\/p>\n<h3><strong>Wykaz stypendyst\u00f3w<br><\/strong><strong>II semestr roku szkolnego 2019\/2020<br><\/strong><\/h3>\n<p>1. Kusa Weronika<br>2. Marczak Karol<br>3. Marczak Szymon<br>4. Teterycz \u0141ukasz<br>5. Kutek Kacper<br>6. Puchalski Damian<br>7. Kuc Kamila<br>8. Kosiorski Kacper<\/p><\/div>\n\t\t\t\t<\/div>\n\t\t\t\t\t\t\t\t<\/div>\n\t\t\t\t\t\t<\/div>\n\t\t\t\t<\/div>\n\t\t\t\t<div class=\"elementor-element elementor-element-058f544 elementor-widget elementor-widget-accordion\" data-id=\"058f544\" data-element_type=\"widget\" data-e-type=\"widget\" data-widget_type=\"accordion.default\">\n\t\t\t\t<div class=\"elementor-widget-container\">\n\t\t\t\t\t\t\t<div class=\"elementor-accordion\">\n\t\t\t\t\t\t\t<div class=\"elementor-accordion-item\">\n\t\t\t\t\t<div id=\"elementor-tab-title-5821\" class=\"elementor-tab-title\" data-tab=\"1\" role=\"button\" aria-controls=\"elementor-tab-content-5821\" aria-expanded=\"false\">\n\t\t\t\t\t\t\t\t\t\t\t\t\t<span class=\"elementor-accordion-icon elementor-accordion-icon-right\" aria-hidden=\"true\">\n\t\t\t\t\t\t\t\t\t\t\t\t\t\t\t<span class=\"elementor-accordion-icon-closed\"><i class=\"fas fa-plus\"><\/i><\/span>\n\t\t\t\t\t\t\t\t<span class=\"elementor-accordion-icon-opened\"><i class=\"fas fa-minus\"><\/i><\/span>\n\t\t\t\t\t\t\t\t\t\t\t\t\t\t<\/span>\n\t\t\t\t\t\t\t\t\t\t\t\t<a class=\"elementor-accordion-title\" tabindex=\"0\">STYPENDIA UCZNI\u00d3W LICEUM OG\u00d3LNOKSZTA\u0141C\u0104CEGO im. STANIS\u0141AWA KOSTKI STAROWIEYSKIEGO w \u0141ASZCZOWIE ROK SZKOLNY 2020\/2021<\/a>\n\t\t\t\t\t<\/div>\n\t\t\t\t\t<div id=\"elementor-tab-content-5821\" class=\"elementor-tab-content elementor-clearfix\" data-tab=\"1\" role=\"region\" aria-labelledby=\"elementor-tab-title-5821\"><h3><strong>Wykaz stypendyst\u00f3w<\/strong><strong> <br \/><\/strong><strong>I semestr roku szkolnego 2020\/2021<\/strong><\/h3><p>1. Kusa Weronika<br \/>2. Kosiorski Kacper<br \/>3. Kutek Kacper<br \/>4. Dr\u0105\u017cek Rafa\u0142<br \/>5. \u0141ysiak Amelia<br \/>6. Wr\u00f3bel Jakub<br \/>7. \u0141yta Kinga<br \/>8. Duk Szymon<br \/>9. \u0141ysakowska Angelika<br \/>10. Marczak Karol<br \/>11. Wilczak Kamila<br \/>12. Piotrowicz Amelia<\/p><h3><strong>Wykaz stypendyst\u00f3w<br \/><\/strong><strong>II semestr roku szkolnego 2020\/2021<br \/><\/strong><\/h3><p>1. Kosiorski Kacper<br \/>2. Kutek Kacper<br \/>3. Piotrowicz Amelia<br \/>4. Duk Szymon<br \/>5. \u0141ysakowska Angelika<br \/>6. Koper Klaudia<br \/>7. Darmochwa\u0142 Monika<br \/>8. Szczepaniak Paula<br \/>9. Bajwoluk Gabriela<br \/>10. Kawka Patrycja<br \/>11. Marczak Karol<br \/>12. Wilczak Kamila<\/p><\/div>\n\t\t\t\t<\/div>\n\t\t\t\t\t\t\t\t<\/div>\n\t\t\t\t\t\t<\/div>\n\t\t\t\t<\/div>\n\t\t\t\t<div class=\"elementor-element elementor-element-5124b01 elementor-widget elementor-widget-accordion\" data-id=\"5124b01\" data-element_type=\"widget\" data-e-type=\"widget\" data-widget_type=\"accordion.default\">\n\t\t\t\t<div class=\"elementor-widget-container\">\n\t\t\t\t\t\t\t<div class=\"elementor-accordion\">\n\t\t\t\t\t\t\t<div class=\"elementor-accordion-item\">\n\t\t\t\t\t<div id=\"elementor-tab-title-8501\" class=\"elementor-tab-title\" data-tab=\"1\" role=\"button\" aria-controls=\"elementor-tab-content-8501\" aria-expanded=\"false\">\n\t\t\t\t\t\t\t\t\t\t\t\t\t<span class=\"elementor-accordion-icon elementor-accordion-icon-right\" aria-hidden=\"true\">\n\t\t\t\t\t\t\t\t\t\t\t\t\t\t\t<span class=\"elementor-accordion-icon-closed\"><i class=\"fas fa-plus\"><\/i><\/span>\n\t\t\t\t\t\t\t\t<span class=\"elementor-accordion-icon-opened\"><i class=\"fas fa-minus\"><\/i><\/span>\n\t\t\t\t\t\t\t\t\t\t\t\t\t\t<\/span>\n\t\t\t\t\t\t\t\t\t\t\t\t<a class=\"elementor-accordion-title\" tabindex=\"0\">STYPENDIA UCZNI\u00d3W LICEUM OG\u00d3LNOKSZTA\u0141C\u0104CEGO im. STANIS\u0141AWA KOSTKI STAROWIEYSKIEGO w \u0141ASZCZOWIE ROK SZKOLNY 2021\/2022<\/a>\n\t\t\t\t\t<\/div>\n\t\t\t\t\t<div id=\"elementor-tab-content-8501\" class=\"elementor-tab-content elementor-clearfix\" data-tab=\"1\" role=\"region\" aria-labelledby=\"elementor-tab-title-8501\"><h3><strong>Wykaz stypendyst\u00f3w<\/strong><strong> <br \/><\/strong><strong>I semestr roku szkolnego 2021\/2022<\/strong><\/h3><p>Kwota przyznana &#8211; 100,00 z\u0142<br \/>1. Kosiorski Kacper<br \/>2. Paw\u0142owska Agnieszka<br \/>3. Darmochwa\u0142 Monika<br \/>4. Kawka Patrycja<br \/>5. \u0141ysakowska Angelika<br \/>6. Greszata Katarzyna<br \/>7. Koper Klaudia<br \/>8. Zar\u0119bska Angelika<br \/>9. Majewski Miko\u0142aj<br \/><br \/>Kwota przyznana &#8211; 200,00 z\u0142<br \/>1. Duk Szymon<br \/>2. Bajwoluk Gabriela<br \/>3. Lepionka Dorota<br \/>4. Wla\u017a Konrad<br \/>5. Kutek Kacper<br \/>6. Marczak Karol<br \/>7. Wilczak Kamila<br \/>8. U\u017cwa Micha\u0142<br \/>9. Misiak Miko\u0142aj<br \/><br \/>Dodatek specjalny:<br \/>1. Marczak Karol<\/p><p>\u00a0<\/p><h3><strong>Wykaz stypendyst\u00f3w<br \/><\/strong><strong>II semestr roku szkolnego 2021\/2022<br \/><\/strong><\/h3><p>\u00a0<\/p><\/div>\n\t\t\t\t<\/div>\n\t\t\t\t\t\t\t\t<\/div>\n\t\t\t\t\t\t<\/div>\n\t\t\t\t<\/div>\n\t\t\t\t\t<\/div>\n\t\t<\/div>\n\t\t\t\t<div class=\"elementor-column elementor-col-16 elementor-top-column elementor-element elementor-element-64663ce2\" data-id=\"64663ce2\" data-element_type=\"column\" data-e-type=\"column\">\n\t\t\t<div class=\"elementor-widget-wrap\">\n\t\t\t\t\t\t\t<\/div>\n\t\t<\/div>\n\t\t\t\t\t<\/div>\n\t\t<\/section>\n\t\t\t\t<\/div>\n\t\t","protected":false},"excerpt":{"rendered":"<p>Stypendia Wniosek stypendium &#8211; od 01.09.2025 pobierz wniosek Regulamin przyznawania stypendium motywacyjnego &#8211; aktualny Pobierz regulamin Wniosek stypendium &#8211; od 01.02.2023 pobierz wniosek Regulamin przyznawania stypendium motywacyjnego Pobierz regulamin W naszej szkole utworzyli\u015bmy program stypendialny, w ramach kt\u00f3rego uczniowie mog\u0105 otrzyma\u0107 \u015brodki finansowe w dw\u00f3ch kategoriach: Za wyniki w nauce. Za dzia\u0142ania spo\u0142eczne. Szczeg\u00f3\u0142owe informacje &hellip;<\/p>\n<p class=\"read-more\"> <a class=\"\" href=\"https:\/\/liceumlaszczow.eu\/index.php\/stypendia\/\"> <span class=\"screen-reader-text\">Stypendia<\/span> Read More &raquo;<\/a><\/p>\n","protected":false},"author":1,"featured_media":0,"parent":0,"menu_order":0,"comment_status":"closed","ping_status":"closed","template":"","meta":{"site-sidebar-layout":"no-sidebar","site-content-layout":"page-builder","ast-main-header-display":"","ast-hfb-above-header-display":"","ast-hfb-below-header-display":"","ast-hfb-mobile-header-display":"","site-post-title":"disabled","ast-breadcrumbs-content":"","ast-featured-img":"disabled","footer-sml-layout":"","theme-transparent-header-meta":"","adv-header-id-meta":"","stick-header-meta":"","header-above-stick-meta":"","header-main-stick-meta":"","header-below-stick-meta":"","footnotes":""},"class_list":["post-459","page","type-page","status-publish","hentry"],"_links":{"self":[{"href":"https:\/\/liceumlaszczow.eu\/index.php\/wp-json\/wp\/v2\/pages\/459","targetHints":{"allow":["GET"]}}],"collection":[{"href":"https:\/\/liceumlaszczow.eu\/index.php\/wp-json\/wp\/v2\/pages"}],"about":[{"href":"https:\/\/liceumlaszczow.eu\/index.php\/wp-json\/wp\/v2\/types\/page"}],"author":[{"embeddable":true,"href":"https:\/\/liceumlaszczow.eu\/index.php\/wp-json\/wp\/v2\/users\/1"}],"replies":[{"embeddable":true,"href":"https:\/\/liceumlaszczow.eu\/index.php\/wp-json\/wp\/v2\/comments?post=459"}],"version-history":[{"count":28,"href":"https:\/\/liceumlaszczow.eu\/index.php\/wp-json\/wp\/v2\/pages\/459\/revisions"}],"predecessor-version":[{"id":3199,"href":"https:\/\/liceumlaszczow.eu\/index.php\/wp-json\/wp\/v2\/pages\/459\/revisions\/3199"}],"wp:attachment":[{"href":"https:\/\/liceumlaszczow.eu\/index.php\/wp-json\/wp\/v2\/media?parent=459"}],"curies":[{"name":"wp","href":"https:\/\/api.w.org\/{rel}","templated":true}]}}